{"id":2697,"date":"2025-02-06T20:51:26","date_gmt":"2025-02-06T20:51:26","guid":{"rendered":"https:\/\/bandidoswitzerland.ch\/?post_type=product&#038;p=2697"},"modified":"2025-02-06T20:51:26","modified_gmt":"2025-02-06T20:51:26","slug":"led-deckenleuchten","status":"publish","type":"product","link":"https:\/\/bandidoswitzerland.ch\/de\/product\/led-deckenleuchten\/","title":{"rendered":"LED-Deckenleuchten"},"content":{"rendered":"<p>LED-Deckenleuchten der neuen Generation f\u00fcr Ihren Salon schaffen eine einzigartige Atmosph\u00e4re f\u00fcr jeden Raum. Ideal f\u00fcr Barbershops, Friseurl\u00e4den, Sch\u00f6nheitssalons, Restaurants, Hobbyr\u00e4ume, etc. Wir helfen Ihnen gerne bei der Auswahl der richtigen Gr\u00f6\u00dfe nach Ihren Bed\u00fcrfnissen.<\/p>\n<p>Wir stehen gerne zur Verf\u00fcgung via WhatsApp, Instagram oder Facebook.Wir sind immer f\u00fcr Sie da!<\/p>\n<p>L: 4.8 ; B: 2.4<\/p>\n<p>Die Preis ohne Montage<\/p>\n","protected":false},"excerpt":{"rendered":"<p>LED-Deckenleuchten der neuen Generation f\u00fcr Ihren Salon schaffen eine einzigartige Atmosph\u00e4re f\u00fcr jeden Raum. Ideal f\u00fcr Barbershops, Friseurl\u00e4den, Sch\u00f6nheitssalons, Restaurants, Hobbyr\u00e4ume, etc. Wir helfen Ihnen gerne bei der Auswahl der richtigen Gr\u00f6\u00dfe nach Ihren Bed\u00fcrfnissen. Wir stehen gerne zur Verf\u00fcgung via WhatsApp, Instagram oder Facebook.Wir sind immer f\u00fcr Sie da! L: 4.8 ; B: 2.4 [&hellip;]<\/p>\n","protected":false},"featured_media":2696,"comment_status":"open","ping_status":"closed","template":"","meta":[],"product_brand":[],"product_cat":[115,19],"product_tag":[],"class_list":{"0":"post-2697","1":"product","2":"type-product","3":"status-publish","4":"has-post-thumbnail","6":"product_cat-leuchtung","7":"product_cat-mobeln","9":"first","10":"instock","11":"shipping-taxable","12":"purchasable","13":"product-type-simple"},"aioseo_notices":[],"_links":{"self":[{"href":"https:\/\/bandidoswitzerland.ch\/de\/wp-json\/wp\/v2\/product\/2697","targetHints":{"allow":["GET"]}}],"collection":[{"href":"https:\/\/bandidoswitzerland.ch\/de\/wp-json\/wp\/v2\/product"}],"about":[{"href":"https:\/\/bandidoswitzerland.ch\/de\/wp-json\/wp\/v2\/types\/product"}],"replies":[{"embeddable":true,"href":"https:\/\/bandidoswitzerland.ch\/de\/wp-json\/wp\/v2\/comments?post=2697"}],"wp:featuredmedia":[{"embeddable":true,"href":"https:\/\/bandidoswitzerland.ch\/de\/wp-json\/wp\/v2\/media\/2696"}],"wp:attachment":[{"href":"https:\/\/bandidoswitzerland.ch\/de\/wp-json\/wp\/v2\/media?parent=2697"}],"wp:term":[{"taxonomy":"product_brand","embeddable":true,"href":"https:\/\/bandidoswitzerland.ch\/de\/wp-json\/wp\/v2\/product_brand?post=2697"},{"taxonomy":"product_cat","embeddable":true,"href":"https:\/\/bandidoswitzerland.ch\/de\/wp-json\/wp\/v2\/product_cat?post=2697"},{"taxonomy":"product_tag","embeddable":true,"href":"https:\/\/bandidoswitzerland.ch\/de\/wp-json\/wp\/v2\/product_tag?post=2697"}],"curies":[{"name":"wp","href":"https:\/\/api.w.org\/{rel}","templated":true}]}}