{"id":2591,"date":"2024-12-23T20:30:55","date_gmt":"2024-12-23T20:30:55","guid":{"rendered":"https:\/\/bandidoswitzerland.ch\/?post_type=product&#038;p=2591"},"modified":"2026-01-05T15:03:29","modified_gmt":"2026-01-05T15:03:29","slug":"oda-030-clipper","status":"publish","type":"product","link":"https:\/\/bandidoswitzerland.ch\/de\/product\/oda-030-clipper\/","title":{"rendered":"ODA 030 Clipper"},"content":{"rendered":"<p>Technische Daten:<\/p>\n<ul>\n<li>DC-Motor.<\/li>\n<li>7200 U\/min Motordrehzahl.<\/li>\n<li>Der Lithium-Ionen-Akku bietet 3 Stunden kabellose Betriebszeit.<\/li>\n<li>Schnellladung in 1 Stunde.<\/li>\n<li>Ergonomisches und funktionelles Design.<\/li>\n<li>Klingen aus 440C DLC-Beschichtung.<\/li>\n<li>6 verschiedene Kammgr\u00f6\u00dfen mit magnetischer Verstellung.<\/li>\n<li>#0.5 (1.5mm), #1 (3mm), #1.5 (4.5mm), #2 (6mm), #3 (10mm) &amp; #4 (13mm).<\/li>\n<li>Geringes Gewicht f\u00fcr eine komfortable Anwendung.<\/li>\n<li>Inklusive Ladestation, Reinigungsb\u00fcrste und Schmier\u00f6l.<\/li>\n<li>AC\/DC-Adapter mit Netzkabel.<\/li>\n<\/ul>\n<p><strong>Garantie<\/strong>: 2-j\u00e4hrige technische Garantie auf Batterie und Motor. Scherkopf von der Garantie ausgeschlossen.<\/p>\n","protected":false},"excerpt":{"rendered":"<p>Technische Daten: DC-Motor. 7200 U\/min Motordrehzahl. Der Lithium-Ionen-Akku bietet 3 Stunden kabellose Betriebszeit. Schnellladung in 1 Stunde. Ergonomisches und funktionelles Design. Klingen aus 440C DLC-Beschichtung. 6 verschiedene Kammgr\u00f6\u00dfen mit magnetischer Verstellung. #0.5 (1.5mm), #1 (3mm), #1.5 (4.5mm), #2 (6mm), #3 (10mm) &amp; #4 (13mm). Geringes Gewicht f\u00fcr eine komfortable Anwendung. Inklusive Ladestation, Reinigungsb\u00fcrste und Schmier\u00f6l. [&hellip;]<\/p>\n","protected":false},"featured_media":2593,"comment_status":"open","ping_status":"closed","template":"","meta":[],"product_brand":[],"product_cat":[25,20,23],"product_tag":[117,47],"class_list":{"0":"post-2591","1":"product","2":"type-product","3":"status-publish","4":"has-post-thumbnail","6":"product_cat-clipper","7":"product_cat-elektrogerate","8":"product_cat-maschinen","9":"product_tag-oda","10":"product_tag-schneidemaschine","12":"first","13":"instock","14":"sale","15":"shipping-taxable","16":"purchasable","17":"product-type-simple"},"aioseo_notices":[],"_links":{"self":[{"href":"https:\/\/bandidoswitzerland.ch\/de\/wp-json\/wp\/v2\/product\/2591","targetHints":{"allow":["GET"]}}],"collection":[{"href":"https:\/\/bandidoswitzerland.ch\/de\/wp-json\/wp\/v2\/product"}],"about":[{"href":"https:\/\/bandidoswitzerland.ch\/de\/wp-json\/wp\/v2\/types\/product"}],"replies":[{"embeddable":true,"href":"https:\/\/bandidoswitzerland.ch\/de\/wp-json\/wp\/v2\/comments?post=2591"}],"wp:featuredmedia":[{"embeddable":true,"href":"https:\/\/bandidoswitzerland.ch\/de\/wp-json\/wp\/v2\/media\/2593"}],"wp:attachment":[{"href":"https:\/\/bandidoswitzerland.ch\/de\/wp-json\/wp\/v2\/media?parent=2591"}],"wp:term":[{"taxonomy":"product_brand","embeddable":true,"href":"https:\/\/bandidoswitzerland.ch\/de\/wp-json\/wp\/v2\/product_brand?post=2591"},{"taxonomy":"product_cat","embeddable":true,"href":"https:\/\/bandidoswitzerland.ch\/de\/wp-json\/wp\/v2\/product_cat?post=2591"},{"taxonomy":"product_tag","embeddable":true,"href":"https:\/\/bandidoswitzerland.ch\/de\/wp-json\/wp\/v2\/product_tag?post=2591"}],"curies":[{"name":"wp","href":"https:\/\/api.w.org\/{rel}","templated":true}]}}