{"id":2483,"date":"2024-10-04T11:07:31","date_gmt":"2024-10-04T11:07:31","guid":{"rendered":"https:\/\/bandidoswitzerland.ch\/?post_type=product&#038;p=2483"},"modified":"2024-10-04T11:07:31","modified_gmt":"2024-10-04T11:07:31","slug":"thoor-haartrockner-pro","status":"publish","type":"product","link":"https:\/\/bandidoswitzerland.ch\/de\/product\/thoor-haartrockner-pro\/","title":{"rendered":"THOOR Haartrockner PRO"},"content":{"rendered":"<p>Der THOOR Haartrockner ist die perfekte Wahl f\u00fcr alle, die ein hochwertiges und hocheffizientes Produkt suchen. Mit einer Leistung von 1800- 2200 Watt und einem Hochdruckmotor ist THOOR in der Lage, einen konstanten und starken Luftstrom bereitzustellen, der sich perfekt zum schnellen Trocknen der Haare eignet. Die Vielseitigkeit von THOOR wird durch das Vorhandensein von zwei austauschbaren D\u00fcsen gew\u00e4hrleistet, einer breiten und einer schmalen, mit denen Sie den Luftstrom dort konzentrieren k\u00f6nnen, wo er am meisten ben\u00f6tigt wird. Dar\u00fcber hinaus k\u00f6nnen Sie THOOR mit den verschiedenen Geschwindigkeits- und Temperatureinstellungen an unterschiedliche Trocknungsanforderungen anpassen. Das moderne und elegante Design von THOOR, das sich durch klare und elegante Linien auszeichnet, wird von einem Soft-Touch-Finish begleitet, das ein Gef\u00fchl von hoher Qualit\u00e4t und Liebe zum Detail vermittelt. Der THOOR Haartrockner ist perfekt f\u00fcr den professionellen Einsatz im Salon geeignet und garantiert ein schnelles und<br \/>\neffektives Haartrocknungserlebnis f\u00fcr tadellose und hochwertige Ergebnisse.<\/p>\n","protected":false},"excerpt":{"rendered":"<p>Der THOOR Haartrockner ist die perfekte Wahl f\u00fcr alle, die ein hochwertiges und hocheffizientes Produkt suchen. Mit einer Leistung von 1800- 2200 Watt und einem Hochdruckmotor ist THOOR in der Lage, einen konstanten und starken Luftstrom bereitzustellen, der sich perfekt zum schnellen Trocknen der Haare eignet. Die Vielseitigkeit von THOOR wird durch das Vorhandensein von [&hellip;]<\/p>\n","protected":false},"featured_media":2484,"comment_status":"open","ping_status":"closed","template":"","meta":[],"product_brand":[],"product_cat":[20,26],"product_tag":[55],"class_list":{"0":"post-2483","1":"product","2":"type-product","3":"status-publish","4":"has-post-thumbnail","6":"product_cat-elektrogerate","7":"product_cat-fohne","8":"product_tag-kiepe","10":"first","11":"instock","12":"shipping-taxable","13":"purchasable","14":"product-type-simple"},"aioseo_notices":[],"_links":{"self":[{"href":"https:\/\/bandidoswitzerland.ch\/de\/wp-json\/wp\/v2\/product\/2483","targetHints":{"allow":["GET"]}}],"collection":[{"href":"https:\/\/bandidoswitzerland.ch\/de\/wp-json\/wp\/v2\/product"}],"about":[{"href":"https:\/\/bandidoswitzerland.ch\/de\/wp-json\/wp\/v2\/types\/product"}],"replies":[{"embeddable":true,"href":"https:\/\/bandidoswitzerland.ch\/de\/wp-json\/wp\/v2\/comments?post=2483"}],"wp:featuredmedia":[{"embeddable":true,"href":"https:\/\/bandidoswitzerland.ch\/de\/wp-json\/wp\/v2\/media\/2484"}],"wp:attachment":[{"href":"https:\/\/bandidoswitzerland.ch\/de\/wp-json\/wp\/v2\/media?parent=2483"}],"wp:term":[{"taxonomy":"product_brand","embeddable":true,"href":"https:\/\/bandidoswitzerland.ch\/de\/wp-json\/wp\/v2\/product_brand?post=2483"},{"taxonomy":"product_cat","embeddable":true,"href":"https:\/\/bandidoswitzerland.ch\/de\/wp-json\/wp\/v2\/product_cat?post=2483"},{"taxonomy":"product_tag","embeddable":true,"href":"https:\/\/bandidoswitzerland.ch\/de\/wp-json\/wp\/v2\/product_tag?post=2483"}],"curies":[{"name":"wp","href":"https:\/\/api.w.org\/{rel}","templated":true}]}}