{"id":2468,"date":"2024-09-30T19:29:31","date_gmt":"2024-09-30T19:29:31","guid":{"rendered":"https:\/\/bandidoswitzerland.ch\/?post_type=product&#038;p=2468"},"modified":"2024-09-30T19:34:59","modified_gmt":"2024-09-30T19:34:59","slug":"ferro-ceramica-revolvit","status":"publish","type":"product","link":"https:\/\/bandidoswitzerland.ch\/de\/product\/ferro-ceramica-revolvit\/","title":{"rendered":"FERRO CERAMICA \u201cREVOLV\u2019IT\u201d"},"content":{"rendered":"<p>Lockenstab aus Keramik<br \/>\n&#8211; Drehbar um 360 Grad<br \/>\n&#8211; Hitzeschutzgriff aus Silikon<br \/>\n&#8211; Einfach zu benutzen<br \/>\n&#8211; Abmessungen: 19 mm<\/p>\n<p>Dank seiner patentierten Technologie k\u00f6nnen Sie mit dem Revolv&#8217;it m\u00fchelos sch\u00f6ne Locken zaubern.<br \/>\nDas B\u00fcgeleisen erreicht eine Temperatur von 200\u00b0C, heizt sich schnell auf (180\u00b0C in 90 Sekunden) und verf\u00fcgt \u00fcber eine hitzebest\u00e4ndige Spitze, um versehentliche Verbrennungen zu vermeiden.<br \/>\nDie Beschichtung des Rohrs besteht aus keramischem Turmalin und der zentrale Griff ist aus Silikon, um das Aufwickeln zu erleichtern.<\/p>\n","protected":false},"excerpt":{"rendered":"<p>Lockenstab aus Keramik &#8211; Drehbar um 360 Grad &#8211; Hitzeschutzgriff aus Silikon &#8211; Einfach zu benutzen &#8211; Abmessungen: 19 mm Dank seiner patentierten Technologie k\u00f6nnen Sie mit dem Revolv&#8217;it m\u00fchelos sch\u00f6ne Locken zaubern. Das B\u00fcgeleisen erreicht eine Temperatur von 200\u00b0C, heizt sich schnell auf (180\u00b0C in 90 Sekunden) und verf\u00fcgt \u00fcber eine hitzebest\u00e4ndige Spitze, um [&hellip;]<\/p>\n","protected":false},"featured_media":2469,"comment_status":"open","ping_status":"closed","template":"","meta":[],"product_brand":[],"product_cat":[20,113],"product_tag":[112],"class_list":{"0":"post-2468","1":"product","2":"type-product","3":"status-publish","4":"has-post-thumbnail","6":"product_cat-elektrogerate","7":"product_cat-glaeteisen-lockenstab","8":"product_tag-revolvit","10":"first","11":"instock","12":"shipping-taxable","13":"purchasable","14":"product-type-simple"},"aioseo_notices":[],"_links":{"self":[{"href":"https:\/\/bandidoswitzerland.ch\/de\/wp-json\/wp\/v2\/product\/2468","targetHints":{"allow":["GET"]}}],"collection":[{"href":"https:\/\/bandidoswitzerland.ch\/de\/wp-json\/wp\/v2\/product"}],"about":[{"href":"https:\/\/bandidoswitzerland.ch\/de\/wp-json\/wp\/v2\/types\/product"}],"replies":[{"embeddable":true,"href":"https:\/\/bandidoswitzerland.ch\/de\/wp-json\/wp\/v2\/comments?post=2468"}],"wp:featuredmedia":[{"embeddable":true,"href":"https:\/\/bandidoswitzerland.ch\/de\/wp-json\/wp\/v2\/media\/2469"}],"wp:attachment":[{"href":"https:\/\/bandidoswitzerland.ch\/de\/wp-json\/wp\/v2\/media?parent=2468"}],"wp:term":[{"taxonomy":"product_brand","embeddable":true,"href":"https:\/\/bandidoswitzerland.ch\/de\/wp-json\/wp\/v2\/product_brand?post=2468"},{"taxonomy":"product_cat","embeddable":true,"href":"https:\/\/bandidoswitzerland.ch\/de\/wp-json\/wp\/v2\/product_cat?post=2468"},{"taxonomy":"product_tag","embeddable":true,"href":"https:\/\/bandidoswitzerland.ch\/de\/wp-json\/wp\/v2\/product_tag?post=2468"}],"curies":[{"name":"wp","href":"https:\/\/api.w.org\/{rel}","templated":true}]}}