{"id":2460,"date":"2024-09-30T19:10:11","date_gmt":"2024-09-30T19:10:11","guid":{"rendered":"https:\/\/bandidoswitzerland.ch\/?post_type=product&#038;p=2460"},"modified":"2024-10-01T16:22:12","modified_gmt":"2024-10-01T16:22:12","slug":"babyliss-pro-bab2770e-rotierende-buerste","status":"publish","type":"product","link":"https:\/\/bandidoswitzerland.ch\/de\/product\/babyliss-pro-bab2770e-rotierende-buerste\/","title":{"rendered":"BaByliss Pro BAB2770E Rotierende B\u00fcrste"},"content":{"rendered":"<p>BaByliss Pro BAB2770E Rotierende B\u00fcrste 800 W ist eine elektrische rotierende B\u00fcrste mit Keramik-Ionen-Technologie.<\/p>\n<p>Sie wird mit 2 austauschbaren 40 mm und 50 mm Rundb\u00fcrsten geliefert und ihre Borsten sind aus Wildschwein und Nylon, verst\u00e4rkt mit Epoxidspitzen mit einer typischen gl\u00e4nzenden glasartigen Beschichtung.<\/p>\n<p>Die Leistung dieser B\u00fcrste betr\u00e4gt 800 W, sie verf\u00fcgt \u00fcber 2 Temperaturstufen, eine K\u00fchlstufe (Frischluftstellung) und 2 Drehrichtungen.<\/p>\n<p>Sie haben eine gro\u00dfe Bewegungsfreiheit und k\u00f6nnen das Produkt leicht reinigen, da der hintere Filter gelenkig ist und das Kabel 2,70 m lang ist.<\/p>\n<p>&nbsp;<\/p>\n","protected":false},"excerpt":{"rendered":"<p>BaByliss Pro BAB2770E Rotierende B\u00fcrste 800 W ist eine elektrische rotierende B\u00fcrste mit Keramik-Ionen-Technologie. Sie wird mit 2 austauschbaren 40 mm und 50 mm Rundb\u00fcrsten geliefert und ihre Borsten sind aus Wildschwein und Nylon, verst\u00e4rkt mit Epoxidspitzen mit einer typischen gl\u00e4nzenden glasartigen Beschichtung. Die Leistung dieser B\u00fcrste betr\u00e4gt 800 W, sie verf\u00fcgt \u00fcber 2 Temperaturstufen, [&hellip;]<\/p>\n","protected":false},"featured_media":2461,"comment_status":"open","ping_status":"closed","template":"","meta":[],"product_brand":[],"product_cat":[20,113],"product_tag":[72],"class_list":{"0":"post-2460","1":"product","2":"type-product","3":"status-publish","4":"has-post-thumbnail","6":"product_cat-elektrogerate","7":"product_cat-glaeteisen-lockenstab","8":"product_tag-babyliss","10":"first","11":"instock","12":"sale","13":"shipping-taxable","14":"purchasable","15":"product-type-simple"},"aioseo_notices":[],"_links":{"self":[{"href":"https:\/\/bandidoswitzerland.ch\/de\/wp-json\/wp\/v2\/product\/2460","targetHints":{"allow":["GET"]}}],"collection":[{"href":"https:\/\/bandidoswitzerland.ch\/de\/wp-json\/wp\/v2\/product"}],"about":[{"href":"https:\/\/bandidoswitzerland.ch\/de\/wp-json\/wp\/v2\/types\/product"}],"replies":[{"embeddable":true,"href":"https:\/\/bandidoswitzerland.ch\/de\/wp-json\/wp\/v2\/comments?post=2460"}],"wp:featuredmedia":[{"embeddable":true,"href":"https:\/\/bandidoswitzerland.ch\/de\/wp-json\/wp\/v2\/media\/2461"}],"wp:attachment":[{"href":"https:\/\/bandidoswitzerland.ch\/de\/wp-json\/wp\/v2\/media?parent=2460"}],"wp:term":[{"taxonomy":"product_brand","embeddable":true,"href":"https:\/\/bandidoswitzerland.ch\/de\/wp-json\/wp\/v2\/product_brand?post=2460"},{"taxonomy":"product_cat","embeddable":true,"href":"https:\/\/bandidoswitzerland.ch\/de\/wp-json\/wp\/v2\/product_cat?post=2460"},{"taxonomy":"product_tag","embeddable":true,"href":"https:\/\/bandidoswitzerland.ch\/de\/wp-json\/wp\/v2\/product_tag?post=2460"}],"curies":[{"name":"wp","href":"https:\/\/api.w.org\/{rel}","templated":true}]}}