{"id":2283,"date":"2024-09-07T18:16:09","date_gmt":"2024-09-07T18:16:09","guid":{"rendered":"https:\/\/bandidoswitzerland.ch\/?post_type=product&#038;p=2283"},"modified":"2026-05-11T11:36:45","modified_gmt":"2026-05-11T11:36:45","slug":"sc-stylecraft-pro-instinct-metal-edition-clipper","status":"publish","type":"product","link":"https:\/\/bandidoswitzerland.ch\/de\/product\/sc-stylecraft-pro-instinct-metal-edition-clipper\/","title":{"rendered":"SC Stylecraft Pro Instinct Metal Edition Clipper"},"content":{"rendered":"<h3>SC Stylecraft Pro Instinct Metal Edition Clipper Haarschneidemaschine<\/h3>\n<p>&#8211; IN2-VECTOR-MOTOR mit un\u00fcbertroffenen 11.500 H\u00fcben pro Minute und unaufhaltsamer Kraft<br \/>\n&#8211; MIT FESTER BLACK DIAMOND Faper-Klinge f\u00fcr hervorragendes Verblenden, Verblassen und Entfernen von grobem Material und einem Black Diamond Deep Slim Cutter<br \/>\n&#8211; LITHIUM-IONEN-ATTERIE f\u00fcr bis zu 4 Stunden kabellose Betriebszeit mit einer 2-st\u00fcndigen Aufladezeit<br \/>\n&#8211; VOLLST\u00c4NDIG EINSTELLBARE KLINGE kann leicht auf Null eingestellt werden<br \/>\n&#8211; SUPER KOMPAKT und langlebig mit einem ergonomischen Design<br \/>\n&#8211; Metallgeh\u00e4use d\u00e4mpft Ger\u00e4usche und absorbiert Vibrationen<br \/>\n&#8211; Entwickelt und konstruiert in den USA<br \/>\n&#8211; BEINHALTET: 8 doppelte magnetische Schutzvorrichtungen: #0 (1\/16&#8243;) #1 (1\/8\u201a\u2018) #1.5 (3\/16\u201a\u2018) #2 (1\/4\u201a\u2018) #3 (3\/8\u201a\u2018) #4 (1\/2\u201a\u2018) #5 (5\/8\u201a\u2018) #6 (3\/4\u201a\u2018), Ladest\u00e4nder\/Kabel, 3 Hebel, 3 austauschbare Deckel, Bedienungsanleitung, Reinigungs-\/Wartungskit, praktischer Minischraubendreher f\u00fcr die Klingenregulierung und kundenspezifische Anpassungen<\/p>\n<p>&nbsp;<\/p>\n<p><strong>Garantie<\/strong>: 2-j\u00e4hrige technische Garantie auf Batterie und Motor. Scherkopf von der Garantie ausgeschlossen<\/p>\n","protected":false},"excerpt":{"rendered":"<p>SC Stylecraft Pro Instinct Metal Edition Clipper Haarschneidemaschine &#8211; IN2-VECTOR-MOTOR mit un\u00fcbertroffenen 11.500 H\u00fcben pro Minute und unaufhaltsamer Kraft &#8211; MIT FESTER BLACK DIAMOND Faper-Klinge f\u00fcr hervorragendes Verblenden, Verblassen und Entfernen von grobem Material und einem Black Diamond Deep Slim Cutter &#8211; LITHIUM-IONEN-ATTERIE f\u00fcr bis zu 4 Stunden kabellose Betriebszeit mit einer 2-st\u00fcndigen Aufladezeit &#8211; [&hellip;]<\/p>\n","protected":false},"featured_media":2302,"comment_status":"open","ping_status":"closed","template":"","meta":[],"product_brand":[],"product_cat":[25,20,23],"product_tag":[70],"class_list":{"0":"post-2283","1":"product","2":"type-product","3":"status-publish","4":"has-post-thumbnail","6":"product_cat-clipper","7":"product_cat-elektrogerate","8":"product_cat-maschinen","9":"product_tag-stylecraft","11":"first","12":"instock","13":"sale","14":"shipping-taxable","15":"purchasable","16":"product-type-simple"},"aioseo_notices":[],"_links":{"self":[{"href":"https:\/\/bandidoswitzerland.ch\/de\/wp-json\/wp\/v2\/product\/2283","targetHints":{"allow":["GET"]}}],"collection":[{"href":"https:\/\/bandidoswitzerland.ch\/de\/wp-json\/wp\/v2\/product"}],"about":[{"href":"https:\/\/bandidoswitzerland.ch\/de\/wp-json\/wp\/v2\/types\/product"}],"replies":[{"embeddable":true,"href":"https:\/\/bandidoswitzerland.ch\/de\/wp-json\/wp\/v2\/comments?post=2283"}],"wp:featuredmedia":[{"embeddable":true,"href":"https:\/\/bandidoswitzerland.ch\/de\/wp-json\/wp\/v2\/media\/2302"}],"wp:attachment":[{"href":"https:\/\/bandidoswitzerland.ch\/de\/wp-json\/wp\/v2\/media?parent=2283"}],"wp:term":[{"taxonomy":"product_brand","embeddable":true,"href":"https:\/\/bandidoswitzerland.ch\/de\/wp-json\/wp\/v2\/product_brand?post=2283"},{"taxonomy":"product_cat","embeddable":true,"href":"https:\/\/bandidoswitzerland.ch\/de\/wp-json\/wp\/v2\/product_cat?post=2283"},{"taxonomy":"product_tag","embeddable":true,"href":"https:\/\/bandidoswitzerland.ch\/de\/wp-json\/wp\/v2\/product_tag?post=2283"}],"curies":[{"name":"wp","href":"https:\/\/api.w.org\/{rel}","templated":true}]}}