{"id":2244,"date":"2024-08-29T10:36:28","date_gmt":"2024-08-29T10:36:28","guid":{"rendered":"https:\/\/bandidoswitzerland.ch\/?post_type=product&#038;p=2244"},"modified":"2025-12-18T05:56:44","modified_gmt":"2025-12-18T05:56:44","slug":"gamma-boosted-doppelfolienrasierer","status":"publish","type":"product","link":"https:\/\/bandidoswitzerland.ch\/de\/product\/gamma-boosted-doppelfolienrasierer\/","title":{"rendered":"Gamma+ Boosted Doppelfolienrasierer"},"content":{"rendered":"<ul>\n<li><strong>Super-Drehmoment-Motor<\/strong> mit 11.000 U\/min f\u00fcr starke Leistung<\/li>\n<li><strong>Ultrad\u00fcnne, hypoallergene Gold-Titan-Folien<\/strong> f\u00fcr maximale Hautschonung<\/li>\n<li><strong>Wiederaufladbarer Akku<\/strong> mit 120 Minuten Betriebsdauer<\/li>\n<li><strong>Drei LED-Leuchten<\/strong> zur Anzeige des Batteriestands<\/li>\n<li><strong>Ergonomisches Design<\/strong>, wiegt nur 160 g<\/li>\n<li><strong>Wasserbest\u00e4ndig nach IPX7<\/strong>, widersteht Eintauchen in Wasser<\/li>\n<li><strong>Staggered Crunchy Klingen<\/strong> aus rostfreiem Stahl f\u00fcr gr\u00fcndliche Rasur<\/li>\n<li><strong>Scherkopf mit 2 Klingen<\/strong> und zentraler Klinge zum Entfernen l\u00e4ngerer Haare<\/li>\n<li><strong>Individuelle Anpassung<\/strong> mit drei Bodykits<\/li>\n<\/ul>\n<p><strong><\/strong><\/p>\n<p><strong>Garantie<\/strong>: 2-j\u00e4hrige technische Garantie auf Batterie und Motor. Scherkopf von der Garantie ausgeschlossen.<\/p>\n","protected":false},"excerpt":{"rendered":"<p>Super-Drehmoment-Motor mit 11.000 U\/min f\u00fcr starke Leistung Ultrad\u00fcnne, hypoallergene Gold-Titan-Folien f\u00fcr maximale Hautschonung Wiederaufladbarer Akku mit 120 Minuten Betriebsdauer Drei LED-Leuchten zur Anzeige des Batteriestands Ergonomisches Design, wiegt nur 160 g Wasserbest\u00e4ndig nach IPX7, widersteht Eintauchen in Wasser Staggered Crunchy Klingen aus rostfreiem Stahl f\u00fcr gr\u00fcndliche Rasur Scherkopf mit 2 Klingen und zentraler Klinge zum [&hellip;]<\/p>\n","protected":false},"featured_media":2245,"comment_status":"open","ping_status":"closed","template":"","meta":[],"product_brand":[],"product_cat":[20,99],"product_tag":[77],"class_list":{"0":"post-2244","1":"product","2":"type-product","3":"status-publish","4":"has-post-thumbnail","6":"product_cat-elektrogerate","7":"product_cat-rasierer","8":"product_tag-gamma","10":"first","11":"instock","12":"shipping-taxable","13":"purchasable","14":"product-type-simple"},"aioseo_notices":[],"_links":{"self":[{"href":"https:\/\/bandidoswitzerland.ch\/de\/wp-json\/wp\/v2\/product\/2244","targetHints":{"allow":["GET"]}}],"collection":[{"href":"https:\/\/bandidoswitzerland.ch\/de\/wp-json\/wp\/v2\/product"}],"about":[{"href":"https:\/\/bandidoswitzerland.ch\/de\/wp-json\/wp\/v2\/types\/product"}],"replies":[{"embeddable":true,"href":"https:\/\/bandidoswitzerland.ch\/de\/wp-json\/wp\/v2\/comments?post=2244"}],"wp:featuredmedia":[{"embeddable":true,"href":"https:\/\/bandidoswitzerland.ch\/de\/wp-json\/wp\/v2\/media\/2245"}],"wp:attachment":[{"href":"https:\/\/bandidoswitzerland.ch\/de\/wp-json\/wp\/v2\/media?parent=2244"}],"wp:term":[{"taxonomy":"product_brand","embeddable":true,"href":"https:\/\/bandidoswitzerland.ch\/de\/wp-json\/wp\/v2\/product_brand?post=2244"},{"taxonomy":"product_cat","embeddable":true,"href":"https:\/\/bandidoswitzerland.ch\/de\/wp-json\/wp\/v2\/product_cat?post=2244"},{"taxonomy":"product_tag","embeddable":true,"href":"https:\/\/bandidoswitzerland.ch\/de\/wp-json\/wp\/v2\/product_tag?post=2244"}],"curies":[{"name":"wp","href":"https:\/\/api.w.org\/{rel}","templated":true}]}}