{"id":1598,"date":"2024-05-06T19:41:32","date_gmt":"2024-05-06T19:41:32","guid":{"rendered":"https:\/\/bandidoswitzerland.ch\/?post_type=product&#038;p=1598"},"modified":"2024-05-06T19:53:49","modified_gmt":"2024-05-06T19:53:49","slug":"deckenleuchte","status":"publish","type":"product","link":"https:\/\/bandidoswitzerland.ch\/de\/product\/deckenleuchte\/","title":{"rendered":"Deckenleuchte"},"content":{"rendered":"<p>LED-Deckenleuchten der neuen Generation f\u00fcr Ihren Salon schaffen eine einzigartige Atmosph\u00e4re f\u00fcr jeden Raum. Ideal f\u00fcr Barbershops, Friseurl\u00e4den, Sch\u00f6nheitssalons, Restaurants, Hobbyr\u00e4ume, etc. Wir helfen Ihnen gerne bei der Auswahl der richtigen Gr\u00f6\u00dfe nach Ihren Bed\u00fcrfnissen.<\/p>\n<p>Wir stehen gerne zur Verf\u00fcgung via WhatsApp, Instagram oder Facebook.Wir sind immer f\u00fcr Sie da!<\/p>\n<p>L: 4.30 ; B: 2.35 kostet mit Montage ca.700 CHF.<\/p>\n<p>Preis variiert je nach Gr\u00f6sse und Umfang der Arbeiten.<\/p>\n","protected":false},"excerpt":{"rendered":"<p>LED-Deckenleuchten der neuen Generation f\u00fcr Ihren Salon schaffen eine einzigartige Atmosph\u00e4re f\u00fcr jeden Raum. Ideal f\u00fcr Barbershops, Friseurl\u00e4den, Sch\u00f6nheitssalons, Restaurants, Hobbyr\u00e4ume, etc. Wir helfen Ihnen gerne bei der Auswahl der richtigen Gr\u00f6\u00dfe nach Ihren Bed\u00fcrfnissen. Wir stehen gerne zur Verf\u00fcgung via WhatsApp, Instagram oder Facebook.Wir sind immer f\u00fcr Sie da! L: 4.30 ; B: 2.35 [&hellip;]<\/p>\n","protected":false},"featured_media":1599,"comment_status":"open","ping_status":"closed","template":"","meta":[],"product_brand":[],"product_cat":[19],"product_tag":[],"class_list":{"0":"post-1598","1":"product","2":"type-product","3":"status-publish","4":"has-post-thumbnail","6":"product_cat-mobeln","8":"first","9":"instock","10":"shipping-taxable","11":"purchasable","12":"product-type-simple"},"aioseo_notices":[],"_links":{"self":[{"href":"https:\/\/bandidoswitzerland.ch\/de\/wp-json\/wp\/v2\/product\/1598","targetHints":{"allow":["GET"]}}],"collection":[{"href":"https:\/\/bandidoswitzerland.ch\/de\/wp-json\/wp\/v2\/product"}],"about":[{"href":"https:\/\/bandidoswitzerland.ch\/de\/wp-json\/wp\/v2\/types\/product"}],"replies":[{"embeddable":true,"href":"https:\/\/bandidoswitzerland.ch\/de\/wp-json\/wp\/v2\/comments?post=1598"}],"wp:featuredmedia":[{"embeddable":true,"href":"https:\/\/bandidoswitzerland.ch\/de\/wp-json\/wp\/v2\/media\/1599"}],"wp:attachment":[{"href":"https:\/\/bandidoswitzerland.ch\/de\/wp-json\/wp\/v2\/media?parent=1598"}],"wp:term":[{"taxonomy":"product_brand","embeddable":true,"href":"https:\/\/bandidoswitzerland.ch\/de\/wp-json\/wp\/v2\/product_brand?post=1598"},{"taxonomy":"product_cat","embeddable":true,"href":"https:\/\/bandidoswitzerland.ch\/de\/wp-json\/wp\/v2\/product_cat?post=1598"},{"taxonomy":"product_tag","embeddable":true,"href":"https:\/\/bandidoswitzerland.ch\/de\/wp-json\/wp\/v2\/product_tag?post=1598"}],"curies":[{"name":"wp","href":"https:\/\/api.w.org\/{rel}","templated":true}]}}