{"id":1592,"date":"2024-05-05T19:39:26","date_gmt":"2024-05-05T19:39:26","guid":{"rendered":"https:\/\/bandidoswitzerland.ch\/?post_type=product&#038;p=1592"},"modified":"2025-01-06T22:24:15","modified_gmt":"2025-01-06T22:24:15","slug":"hair-vacuum","status":"publish","type":"product","link":"https:\/\/bandidoswitzerland.ch\/de\/product\/hair-vacuum\/","title":{"rendered":"Hair Vacuum"},"content":{"rendered":"<p>Der Shave Factory Haarstaubsauger<\/p>\n<p>Es ist einfacher, den Boden zu fegen und den Salon den ganzen Tag \u00fcber sauber zu halten. Zur Verwendung fegen Sie einfach die Haare bis zur Basis des Ger\u00e4ts, Infrarotsensoren erkennen die Verunreinigungen und aktivieren den Staubsauger. Alle Verunreinigungen werden aufgesaugt, bevor das Ger\u00e4t automatisch abgeschaltet wird. Der Staubsaugerbeh\u00e4lter sorgt daf\u00fcr, dass saubere Luft in den Raum zur\u00fcckgef\u00fchrt wird.<\/p>\n<p>Der Staubsauger ist perfekt f\u00fcr Friseure, Coiffeure und Barbershops.<\/p>\n","protected":false},"excerpt":{"rendered":"<p>Der Shave Factory Haarstaubsauger Es ist einfacher, den Boden zu fegen und den Salon den ganzen Tag \u00fcber sauber zu halten. Zur Verwendung fegen Sie einfach die Haare bis zur Basis des Ger\u00e4ts, Infrarotsensoren erkennen die Verunreinigungen und aktivieren den Staubsauger. Alle Verunreinigungen werden aufgesaugt, bevor das Ger\u00e4t automatisch abgeschaltet wird. Der Staubsaugerbeh\u00e4lter sorgt daf\u00fcr, [&hellip;]<\/p>\n","protected":false},"featured_media":1597,"comment_status":"open","ping_status":"closed","template":"","meta":[],"product_brand":[],"product_cat":[20,19,114,22],"product_tag":[56],"class_list":{"0":"post-1592","1":"product","2":"type-product","3":"status-publish","4":"has-post-thumbnail","6":"product_cat-elektrogerate","7":"product_cat-mobeln","8":"product_cat-sonstige","9":"product_cat-zubehor","10":"product_tag-the-shave-factory","12":"first","13":"instock","14":"sale","15":"shipping-taxable","16":"purchasable","17":"product-type-simple"},"aioseo_notices":[],"_links":{"self":[{"href":"https:\/\/bandidoswitzerland.ch\/de\/wp-json\/wp\/v2\/product\/1592","targetHints":{"allow":["GET"]}}],"collection":[{"href":"https:\/\/bandidoswitzerland.ch\/de\/wp-json\/wp\/v2\/product"}],"about":[{"href":"https:\/\/bandidoswitzerland.ch\/de\/wp-json\/wp\/v2\/types\/product"}],"replies":[{"embeddable":true,"href":"https:\/\/bandidoswitzerland.ch\/de\/wp-json\/wp\/v2\/comments?post=1592"}],"wp:featuredmedia":[{"embeddable":true,"href":"https:\/\/bandidoswitzerland.ch\/de\/wp-json\/wp\/v2\/media\/1597"}],"wp:attachment":[{"href":"https:\/\/bandidoswitzerland.ch\/de\/wp-json\/wp\/v2\/media?parent=1592"}],"wp:term":[{"taxonomy":"product_brand","embeddable":true,"href":"https:\/\/bandidoswitzerland.ch\/de\/wp-json\/wp\/v2\/product_brand?post=1592"},{"taxonomy":"product_cat","embeddable":true,"href":"https:\/\/bandidoswitzerland.ch\/de\/wp-json\/wp\/v2\/product_cat?post=1592"},{"taxonomy":"product_tag","embeddable":true,"href":"https:\/\/bandidoswitzerland.ch\/de\/wp-json\/wp\/v2\/product_tag?post=1592"}],"curies":[{"name":"wp","href":"https:\/\/api.w.org\/{rel}","templated":true}]}}