{"id":1537,"date":"2024-04-25T19:11:52","date_gmt":"2024-04-25T19:11:52","guid":{"rendered":"https:\/\/bandidoswitzerland.ch\/?post_type=product&#038;p=1537"},"modified":"2026-02-10T09:37:45","modified_gmt":"2026-02-10T09:37:45","slug":"bartoel-rose-gold-bandido","status":"publish","type":"product","link":"https:\/\/bandidoswitzerland.ch\/de\/product\/bartoel-rose-gold-bandido\/","title":{"rendered":"Bart\u00f6l Rose Bandido"},"content":{"rendered":"<p>Dank einer speziell f\u00fcr M\u00e4nner entwickelten Formel pflegt das Bart\u00f6l den Bart und bringt ihn in Form.<\/p>\n<p>Anwendung. Einige Tropfen mit massierenden Bewegungen auf den Bart und die Haut auftragen. Anschlie\u00dfend mit einem Pinsel oder den Fingern den Bart in Form bringen.<\/p>\n<p>40ml<\/p>\n<p>&nbsp;<\/p>\n","protected":false},"excerpt":{"rendered":"<p>Dank einer speziell f\u00fcr M\u00e4nner entwickelten Formel pflegt das Bart\u00f6l den Bart und bringt ihn in Form. Anwendung. Einige Tropfen mit massierenden Bewegungen auf den Bart und die Haut auftragen. Anschlie\u00dfend mit einem Pinsel oder den Fingern den Bart in Form bringen. 40ml &nbsp;<\/p>\n","protected":false},"featured_media":1538,"comment_status":"open","ping_status":"closed","template":"","meta":[],"product_brand":[],"product_cat":[104,21,28],"product_tag":[45],"class_list":{"0":"post-1537","1":"product","2":"type-product","3":"status-publish","4":"has-post-thumbnail","6":"product_cat-herrenkosmetik","7":"product_cat-kosmetik","8":"product_cat-bart","9":"product_tag-bandido","11":"first","12":"instock","13":"shipping-taxable","14":"purchasable","15":"product-type-simple"},"aioseo_notices":[],"_links":{"self":[{"href":"https:\/\/bandidoswitzerland.ch\/de\/wp-json\/wp\/v2\/product\/1537","targetHints":{"allow":["GET"]}}],"collection":[{"href":"https:\/\/bandidoswitzerland.ch\/de\/wp-json\/wp\/v2\/product"}],"about":[{"href":"https:\/\/bandidoswitzerland.ch\/de\/wp-json\/wp\/v2\/types\/product"}],"replies":[{"embeddable":true,"href":"https:\/\/bandidoswitzerland.ch\/de\/wp-json\/wp\/v2\/comments?post=1537"}],"wp:featuredmedia":[{"embeddable":true,"href":"https:\/\/bandidoswitzerland.ch\/de\/wp-json\/wp\/v2\/media\/1538"}],"wp:attachment":[{"href":"https:\/\/bandidoswitzerland.ch\/de\/wp-json\/wp\/v2\/media?parent=1537"}],"wp:term":[{"taxonomy":"product_brand","embeddable":true,"href":"https:\/\/bandidoswitzerland.ch\/de\/wp-json\/wp\/v2\/product_brand?post=1537"},{"taxonomy":"product_cat","embeddable":true,"href":"https:\/\/bandidoswitzerland.ch\/de\/wp-json\/wp\/v2\/product_cat?post=1537"},{"taxonomy":"product_tag","embeddable":true,"href":"https:\/\/bandidoswitzerland.ch\/de\/wp-json\/wp\/v2\/product_tag?post=1537"}],"curies":[{"name":"wp","href":"https:\/\/api.w.org\/{rel}","templated":true}]}}