{"id":1529,"date":"2024-04-25T18:31:23","date_gmt":"2024-04-25T18:31:23","guid":{"rendered":"https:\/\/bandidoswitzerland.ch\/?post_type=product&#038;p=1529"},"modified":"2024-11-23T13:14:59","modified_gmt":"2024-11-23T13:14:59","slug":"bandido-deluxe-pomade","status":"publish","type":"product","link":"https:\/\/bandidoswitzerland.ch\/de\/product\/bandido-deluxe-pomade\/","title":{"rendered":"Bandido Deluxe Pomade"},"content":{"rendered":"<p>Eine Stylingpomade, die speziell entwickelt wurde, um einen starken Halt und nat\u00fcrlichen Glanz zu bieten. Sie eignet sich hervorragend f\u00fcr eine Vielzahl von Haartypen und -l\u00e4ngen und kann f\u00fcr eine breite Palette von klassischen und modernen Frisuren verwendet werden. Die Pomade gibt dem Haar gen\u00fcgend Halt und Kontrolle, um einen tollen Look zu kreieren und ihn lange zu halten. Dieses Produkt ist wasserl\u00f6slich und l\u00e4sst sich daher leicht auswaschen. Dieses vielseitige Produkt ist ein Muss f\u00fcr Ihre Stylingprodukte.<\/p>\n<p>125ml<\/p>\n<p>&nbsp;<\/p>\n","protected":false},"excerpt":{"rendered":"<p>Eine Stylingpomade, die speziell entwickelt wurde, um einen starken Halt und nat\u00fcrlichen Glanz zu bieten. Sie eignet sich hervorragend f\u00fcr eine Vielzahl von Haartypen und -l\u00e4ngen und kann f\u00fcr eine breite Palette von klassischen und modernen Frisuren verwendet werden. Die Pomade gibt dem Haar gen\u00fcgend Halt und Kontrolle, um einen tollen Look zu kreieren und [&hellip;]<\/p>\n","protected":false},"featured_media":1530,"comment_status":"open","ping_status":"closed","template":"","meta":[],"product_brand":[],"product_cat":[28,27,104,21],"product_tag":[45],"class_list":{"0":"post-1529","1":"product","2":"type-product","3":"status-publish","4":"has-post-thumbnail","6":"product_cat-bart","7":"product_cat-haarpflege","8":"product_cat-herrenkosmetik","9":"product_cat-kosmetik","10":"product_tag-bandido","12":"first","13":"instock","14":"sale","15":"shipping-taxable","16":"purchasable","17":"product-type-simple"},"aioseo_notices":[],"_links":{"self":[{"href":"https:\/\/bandidoswitzerland.ch\/de\/wp-json\/wp\/v2\/product\/1529","targetHints":{"allow":["GET"]}}],"collection":[{"href":"https:\/\/bandidoswitzerland.ch\/de\/wp-json\/wp\/v2\/product"}],"about":[{"href":"https:\/\/bandidoswitzerland.ch\/de\/wp-json\/wp\/v2\/types\/product"}],"replies":[{"embeddable":true,"href":"https:\/\/bandidoswitzerland.ch\/de\/wp-json\/wp\/v2\/comments?post=1529"}],"wp:featuredmedia":[{"embeddable":true,"href":"https:\/\/bandidoswitzerland.ch\/de\/wp-json\/wp\/v2\/media\/1530"}],"wp:attachment":[{"href":"https:\/\/bandidoswitzerland.ch\/de\/wp-json\/wp\/v2\/media?parent=1529"}],"wp:term":[{"taxonomy":"product_brand","embeddable":true,"href":"https:\/\/bandidoswitzerland.ch\/de\/wp-json\/wp\/v2\/product_brand?post=1529"},{"taxonomy":"product_cat","embeddable":true,"href":"https:\/\/bandidoswitzerland.ch\/de\/wp-json\/wp\/v2\/product_cat?post=1529"},{"taxonomy":"product_tag","embeddable":true,"href":"https:\/\/bandidoswitzerland.ch\/de\/wp-json\/wp\/v2\/product_tag?post=1529"}],"curies":[{"name":"wp","href":"https:\/\/api.w.org\/{rel}","templated":true}]}}