{"id":1518,"date":"2024-04-25T14:20:29","date_gmt":"2024-04-25T14:20:29","guid":{"rendered":"https:\/\/bandidoswitzerland.ch\/?post_type=product&#038;p=1518"},"modified":"2026-05-11T18:56:14","modified_gmt":"2026-05-11T18:56:14","slug":"bandido-aquawax-8","status":"publish","type":"product","link":"https:\/\/bandidoswitzerland.ch\/de\/product\/bandido-aquawax-8\/","title":{"rendered":"Bandido AquaWax 8"},"content":{"rendered":"<p>Ein extrem starkes, wasserbasiertes, fettfreies Wachs, das speziell f\u00fcr die Haarformung entwickelt wurde. Geeignet f\u00fcr alle Haartypen und Frisuren. Es ist leicht aufzutragen und erm\u00f6glicht es Ihnen, Ihrem Haar die gew\u00fcnschte Form zu geben. M\u00e4ssige Dichte, st\u00f6rt nicht beim B\u00fcrsten der Haare.<\/p>\n<p>Anwendung: Nehmen Sie die gew\u00fcnschte Menge in die Hand. Verteilen Sie es gleichm\u00e4ssig in Ihren Handfl\u00e4chen und tragen Sie es auf das trockene oder feuchte Haar auf. Mit einem Kamm oder der Hand in Form bringen und den ganzen Tag einwirken lassen.<\/p>\n<p>Inhalt: 125ml<\/p>\n<h4 class=\"product_title entry-title\"><\/h4>\n<p>&nbsp;<\/p>\n","protected":false},"excerpt":{"rendered":"<p>Ein extrem starkes, wasserbasiertes, fettfreies Wachs, das speziell f\u00fcr die Haarformung entwickelt wurde. Geeignet f\u00fcr alle Haartypen und Frisuren. Es ist leicht aufzutragen und erm\u00f6glicht es Ihnen, Ihrem Haar die gew\u00fcnschte Form zu geben. M\u00e4ssige Dichte, st\u00f6rt nicht beim B\u00fcrsten der Haare. Anwendung: Nehmen Sie die gew\u00fcnschte Menge in die Hand. Verteilen Sie es gleichm\u00e4ssig [&hellip;]<\/p>\n","protected":false},"featured_media":1519,"comment_status":"open","ping_status":"closed","template":"","meta":[],"product_brand":[],"product_cat":[28,27,104,21],"product_tag":[45],"class_list":{"0":"post-1518","1":"product","2":"type-product","3":"status-publish","4":"has-post-thumbnail","6":"product_cat-bart","7":"product_cat-haarpflege","8":"product_cat-herrenkosmetik","9":"product_cat-kosmetik","10":"product_tag-bandido","12":"first","13":"instock","14":"shipping-taxable","15":"purchasable","16":"product-type-simple"},"aioseo_notices":[],"_links":{"self":[{"href":"https:\/\/bandidoswitzerland.ch\/de\/wp-json\/wp\/v2\/product\/1518","targetHints":{"allow":["GET"]}}],"collection":[{"href":"https:\/\/bandidoswitzerland.ch\/de\/wp-json\/wp\/v2\/product"}],"about":[{"href":"https:\/\/bandidoswitzerland.ch\/de\/wp-json\/wp\/v2\/types\/product"}],"replies":[{"embeddable":true,"href":"https:\/\/bandidoswitzerland.ch\/de\/wp-json\/wp\/v2\/comments?post=1518"}],"wp:featuredmedia":[{"embeddable":true,"href":"https:\/\/bandidoswitzerland.ch\/de\/wp-json\/wp\/v2\/media\/1519"}],"wp:attachment":[{"href":"https:\/\/bandidoswitzerland.ch\/de\/wp-json\/wp\/v2\/media?parent=1518"}],"wp:term":[{"taxonomy":"product_brand","embeddable":true,"href":"https:\/\/bandidoswitzerland.ch\/de\/wp-json\/wp\/v2\/product_brand?post=1518"},{"taxonomy":"product_cat","embeddable":true,"href":"https:\/\/bandidoswitzerland.ch\/de\/wp-json\/wp\/v2\/product_cat?post=1518"},{"taxonomy":"product_tag","embeddable":true,"href":"https:\/\/bandidoswitzerland.ch\/de\/wp-json\/wp\/v2\/product_tag?post=1518"}],"curies":[{"name":"wp","href":"https:\/\/api.w.org\/{rel}","templated":true}]}}