{"id":1509,"date":"2024-04-25T14:12:41","date_gmt":"2024-04-25T14:12:41","guid":{"rendered":"https:\/\/bandidoswitzerland.ch\/?post_type=product&#038;p=1509"},"modified":"2026-05-11T18:55:45","modified_gmt":"2026-05-11T18:55:45","slug":"bandido-aquawax-6","status":"publish","type":"product","link":"https:\/\/bandidoswitzerland.ch\/de\/product\/bandido-aquawax-6\/","title":{"rendered":"Bandido AquaWax 6"},"content":{"rendered":"<h4 class=\"page_title\">Bandido Aqua Wax 6 Medium<\/h4>\n<p>Es l\u00e4sst sich leicht auftragen und Sie k\u00f6nnen Ihrem Haar die gew\u00fcnschte Frisur verleihen. Alternativ seine Formel hat die Pomade Effekte. Es bietet einen h\u00e4rteren Griff und erm\u00f6glichen Ihre Frisur l\u00e4nger zu halten. Es hat einen maskulinen, sexy duftenden Duft.<\/p>\n<p>125ml<\/p>\n","protected":false},"excerpt":{"rendered":"<p>Bandido Aqua Wax 6 Medium Es l\u00e4sst sich leicht auftragen und Sie k\u00f6nnen Ihrem Haar die gew\u00fcnschte Frisur verleihen. Alternativ seine Formel hat die Pomade Effekte. Es bietet einen h\u00e4rteren Griff und erm\u00f6glichen Ihre Frisur l\u00e4nger zu halten. Es hat einen maskulinen, sexy duftenden Duft. 125ml<\/p>\n","protected":false},"featured_media":1510,"comment_status":"open","ping_status":"closed","template":"","meta":[],"product_brand":[],"product_cat":[28,27,104,21],"product_tag":[45],"class_list":{"0":"post-1509","1":"product","2":"type-product","3":"status-publish","4":"has-post-thumbnail","6":"product_cat-bart","7":"product_cat-haarpflege","8":"product_cat-herrenkosmetik","9":"product_cat-kosmetik","10":"product_tag-bandido","12":"first","13":"instock","14":"shipping-taxable","15":"purchasable","16":"product-type-simple"},"aioseo_notices":[],"_links":{"self":[{"href":"https:\/\/bandidoswitzerland.ch\/de\/wp-json\/wp\/v2\/product\/1509","targetHints":{"allow":["GET"]}}],"collection":[{"href":"https:\/\/bandidoswitzerland.ch\/de\/wp-json\/wp\/v2\/product"}],"about":[{"href":"https:\/\/bandidoswitzerland.ch\/de\/wp-json\/wp\/v2\/types\/product"}],"replies":[{"embeddable":true,"href":"https:\/\/bandidoswitzerland.ch\/de\/wp-json\/wp\/v2\/comments?post=1509"}],"wp:featuredmedia":[{"embeddable":true,"href":"https:\/\/bandidoswitzerland.ch\/de\/wp-json\/wp\/v2\/media\/1510"}],"wp:attachment":[{"href":"https:\/\/bandidoswitzerland.ch\/de\/wp-json\/wp\/v2\/media?parent=1509"}],"wp:term":[{"taxonomy":"product_brand","embeddable":true,"href":"https:\/\/bandidoswitzerland.ch\/de\/wp-json\/wp\/v2\/product_brand?post=1509"},{"taxonomy":"product_cat","embeddable":true,"href":"https:\/\/bandidoswitzerland.ch\/de\/wp-json\/wp\/v2\/product_cat?post=1509"},{"taxonomy":"product_tag","embeddable":true,"href":"https:\/\/bandidoswitzerland.ch\/de\/wp-json\/wp\/v2\/product_tag?post=1509"}],"curies":[{"name":"wp","href":"https:\/\/api.w.org\/{rel}","templated":true}]}}