{"id":1502,"date":"2024-04-25T14:00:46","date_gmt":"2024-04-25T14:00:46","guid":{"rendered":"https:\/\/bandidoswitzerland.ch\/?post_type=product&#038;p=1502"},"modified":"2026-05-11T18:55:33","modified_gmt":"2026-05-11T18:55:33","slug":"bandido-aquawax-4","status":"publish","type":"product","link":"https:\/\/bandidoswitzerland.ch\/de\/product\/bandido-aquawax-4\/","title":{"rendered":"Bandido AquaWax 4"},"content":{"rendered":"<p>BANDIDO AQUA HAIR STYLING WAX (NO.4) \u2013 GREEN, LIGHT HOLD<\/p>\n<p>Bandido Aqua 4 Wax Green ist speziell f\u00fcr normales Haar hergestellt. Es kann leicht angewendet werden, und Sie k\u00f6nnen Ihr Haar den Stil geben Sie w\u00fcnschen. Mit seiner Formel, die die Pomade-Effekt hat, hilft, bietet glatten Griff und Leichtigkeit der Formgebung. Ausserdem hat es einen maskulinen, sexy Duft.<\/p>\n<p>125ml<\/p>\n","protected":false},"excerpt":{"rendered":"<p>BANDIDO AQUA HAIR STYLING WAX (NO.4) \u2013 GREEN, LIGHT HOLD Bandido Aqua 4 Wax Green ist speziell f\u00fcr normales Haar hergestellt. Es kann leicht angewendet werden, und Sie k\u00f6nnen Ihr Haar den Stil geben Sie w\u00fcnschen. Mit seiner Formel, die die Pomade-Effekt hat, hilft, bietet glatten Griff und Leichtigkeit der Formgebung. Ausserdem hat es einen [&hellip;]<\/p>\n","protected":false},"featured_media":1503,"comment_status":"open","ping_status":"closed","template":"","meta":[],"product_brand":[],"product_cat":[28,27,104,21],"product_tag":[45],"class_list":{"0":"post-1502","1":"product","2":"type-product","3":"status-publish","4":"has-post-thumbnail","6":"product_cat-bart","7":"product_cat-haarpflege","8":"product_cat-herrenkosmetik","9":"product_cat-kosmetik","10":"product_tag-bandido","12":"first","13":"instock","14":"shipping-taxable","15":"purchasable","16":"product-type-simple"},"aioseo_notices":[],"_links":{"self":[{"href":"https:\/\/bandidoswitzerland.ch\/de\/wp-json\/wp\/v2\/product\/1502","targetHints":{"allow":["GET"]}}],"collection":[{"href":"https:\/\/bandidoswitzerland.ch\/de\/wp-json\/wp\/v2\/product"}],"about":[{"href":"https:\/\/bandidoswitzerland.ch\/de\/wp-json\/wp\/v2\/types\/product"}],"replies":[{"embeddable":true,"href":"https:\/\/bandidoswitzerland.ch\/de\/wp-json\/wp\/v2\/comments?post=1502"}],"wp:featuredmedia":[{"embeddable":true,"href":"https:\/\/bandidoswitzerland.ch\/de\/wp-json\/wp\/v2\/media\/1503"}],"wp:attachment":[{"href":"https:\/\/bandidoswitzerland.ch\/de\/wp-json\/wp\/v2\/media?parent=1502"}],"wp:term":[{"taxonomy":"product_brand","embeddable":true,"href":"https:\/\/bandidoswitzerland.ch\/de\/wp-json\/wp\/v2\/product_brand?post=1502"},{"taxonomy":"product_cat","embeddable":true,"href":"https:\/\/bandidoswitzerland.ch\/de\/wp-json\/wp\/v2\/product_cat?post=1502"},{"taxonomy":"product_tag","embeddable":true,"href":"https:\/\/bandidoswitzerland.ch\/de\/wp-json\/wp\/v2\/product_tag?post=1502"}],"curies":[{"name":"wp","href":"https:\/\/api.w.org\/{rel}","templated":true}]}}