{"id":1474,"date":"2024-04-09T14:55:30","date_gmt":"2024-04-09T14:55:30","guid":{"rendered":"https:\/\/bandidoswitzerland.ch\/?post_type=product&#038;p=1474"},"modified":"2026-04-03T17:29:37","modified_gmt":"2026-04-03T17:29:37","slug":"mini-tattoo-finishing-trimmer-kiepe-professional","status":"publish","type":"product","link":"https:\/\/bandidoswitzerland.ch\/de\/product\/mini-tattoo-finishing-trimmer-kiepe-professional\/","title":{"rendered":"Mini Tattoo Finishing Trimmer\u00a0KIEPE Professional"},"content":{"rendered":"<p><b>Mini Tattoo Finishing Trimmer KIEPE Professional<\/b><\/p>\n<ul>\n<li>Mini Tattoo Finishing Trimmer erf\u00fcllt h\u00f6chste Qualit\u00e4tsstandards in Bezug auf die Pr\u00e4zision bei der Verwendung.<\/li>\n<li>Der Mini TATTOO hat ultrascharfe und 360\u00b0 exponierte T-f\u00f6rmige Klingen, so dass Sie unglaubliche Designs erstellen und ohne Hindernisse schneiden k\u00f6nnen. Dar\u00fcber hinaus mit der Fresh Blade Technologie bleibt die Klinge frisch und scharf auch nach l\u00e4ngerem Gebrauch<\/li>\n<\/ul>\n<p><b><\/b><\/p>\n<p><b><\/b><\/p>\n<p><strong>Garantie<\/strong>: 2-j\u00e4hrige technische Garantie auf Batterie und Motor. Scherkopf von der Garantie ausgeschlossen<\/p>\n","protected":false},"excerpt":{"rendered":"<p>Mini Tattoo Finishing Trimmer KIEPE Professional Mini Tattoo Finishing Trimmer erf\u00fcllt h\u00f6chste Qualit\u00e4tsstandards in Bezug auf die Pr\u00e4zision bei der Verwendung. Der Mini TATTOO hat ultrascharfe und 360\u00b0 exponierte T-f\u00f6rmige Klingen, so dass Sie unglaubliche Designs erstellen und ohne Hindernisse schneiden k\u00f6nnen. Dar\u00fcber hinaus mit der Fresh Blade Technologie bleibt die Klinge frisch und scharf [&hellip;]<\/p>\n","protected":false},"featured_media":1475,"comment_status":"open","ping_status":"closed","template":"","meta":[],"product_brand":[],"product_cat":[20,23,24],"product_tag":[55],"class_list":{"0":"post-1474","1":"product","2":"type-product","3":"status-publish","4":"has-post-thumbnail","6":"product_cat-elektrogerate","7":"product_cat-maschinen","8":"product_cat-trimmer","9":"product_tag-kiepe","11":"first","12":"instock","13":"sale","14":"shipping-taxable","15":"purchasable","16":"product-type-simple"},"aioseo_notices":[],"_links":{"self":[{"href":"https:\/\/bandidoswitzerland.ch\/de\/wp-json\/wp\/v2\/product\/1474","targetHints":{"allow":["GET"]}}],"collection":[{"href":"https:\/\/bandidoswitzerland.ch\/de\/wp-json\/wp\/v2\/product"}],"about":[{"href":"https:\/\/bandidoswitzerland.ch\/de\/wp-json\/wp\/v2\/types\/product"}],"replies":[{"embeddable":true,"href":"https:\/\/bandidoswitzerland.ch\/de\/wp-json\/wp\/v2\/comments?post=1474"}],"wp:featuredmedia":[{"embeddable":true,"href":"https:\/\/bandidoswitzerland.ch\/de\/wp-json\/wp\/v2\/media\/1475"}],"wp:attachment":[{"href":"https:\/\/bandidoswitzerland.ch\/de\/wp-json\/wp\/v2\/media?parent=1474"}],"wp:term":[{"taxonomy":"product_brand","embeddable":true,"href":"https:\/\/bandidoswitzerland.ch\/de\/wp-json\/wp\/v2\/product_brand?post=1474"},{"taxonomy":"product_cat","embeddable":true,"href":"https:\/\/bandidoswitzerland.ch\/de\/wp-json\/wp\/v2\/product_cat?post=1474"},{"taxonomy":"product_tag","embeddable":true,"href":"https:\/\/bandidoswitzerland.ch\/de\/wp-json\/wp\/v2\/product_tag?post=1474"}],"curies":[{"name":"wp","href":"https:\/\/api.w.org\/{rel}","templated":true}]}}