{"id":1426,"date":"2024-04-02T10:35:12","date_gmt":"2024-04-02T10:35:12","guid":{"rendered":"https:\/\/bandidoswitzerland.ch\/?post_type=product&#038;p=1426"},"modified":"2024-09-28T10:55:44","modified_gmt":"2024-09-28T10:55:44","slug":"bandido-hair-tonic","status":"publish","type":"product","link":"https:\/\/bandidoswitzerland.ch\/de\/product\/bandido-hair-tonic\/","title":{"rendered":"Bandido Hair Tonic"},"content":{"rendered":"<p>Es ist ein spezielles Hilfsmittel mit einem einzigartigen Menthol-Aroma, das es Ihnen erm\u00f6glicht, Ihr Haar auf einfache und erschwingliche Weise zu pflegen. Bandido Hair Tonic versorgt das Haar mit Vitaminen, die ihm aufgrund von Stress oder Appetitlosigkeit fehlen. Es beugt Haarausfall vor und unterst\u00fctzt ein gesundes Haarwachstum. Das Tonikum beseitigt Talg, Schuppen und Schmutz, die die \u00d6ffnungen der Haarfollikel verstopfen und sie an der freien Atmung hindern. Durch seine Anwendung werden die Str\u00e4hnen volumin\u00f6ser, lassen sich leichter frisieren und sehen ges\u00fcnder aus. W\u00e4hrend der Wirkung des Tonics verbessert sich die Blutzirkulation in der Kopfhaut, die Arbeit der Talgdr\u00fcsen wird normalisiert. Die t\u00e4gliche Anwendung wird empfohlen.<\/p>\n<p>ANWENDUNGSMETHODE: Mit massierenden Fingerbewegungen eine kleine Menge auftragen, haupts\u00e4chlich auf die Haarwurzeln.<\/p>\n<p>Volume: 250ml<\/p>\n","protected":false},"excerpt":{"rendered":"<p>Es ist ein spezielles Hilfsmittel mit einem einzigartigen Menthol-Aroma, das es Ihnen erm\u00f6glicht, Ihr Haar auf einfache und erschwingliche Weise zu pflegen. Bandido Hair Tonic versorgt das Haar mit Vitaminen, die ihm aufgrund von Stress oder Appetitlosigkeit fehlen. Es beugt Haarausfall vor und unterst\u00fctzt ein gesundes Haarwachstum. Das Tonikum beseitigt Talg, Schuppen und Schmutz, die [&hellip;]<\/p>\n","protected":false},"featured_media":1533,"comment_status":"open","ping_status":"closed","template":"","meta":[],"product_brand":[],"product_cat":[27,104,21],"product_tag":[45],"class_list":{"0":"post-1426","1":"product","2":"type-product","3":"status-publish","4":"has-post-thumbnail","6":"product_cat-haarpflege","7":"product_cat-herrenkosmetik","8":"product_cat-kosmetik","9":"product_tag-bandido","11":"first","12":"instock","13":"shipping-taxable","14":"purchasable","15":"product-type-simple"},"aioseo_notices":[],"_links":{"self":[{"href":"https:\/\/bandidoswitzerland.ch\/de\/wp-json\/wp\/v2\/product\/1426","targetHints":{"allow":["GET"]}}],"collection":[{"href":"https:\/\/bandidoswitzerland.ch\/de\/wp-json\/wp\/v2\/product"}],"about":[{"href":"https:\/\/bandidoswitzerland.ch\/de\/wp-json\/wp\/v2\/types\/product"}],"replies":[{"embeddable":true,"href":"https:\/\/bandidoswitzerland.ch\/de\/wp-json\/wp\/v2\/comments?post=1426"}],"wp:featuredmedia":[{"embeddable":true,"href":"https:\/\/bandidoswitzerland.ch\/de\/wp-json\/wp\/v2\/media\/1533"}],"wp:attachment":[{"href":"https:\/\/bandidoswitzerland.ch\/de\/wp-json\/wp\/v2\/media?parent=1426"}],"wp:term":[{"taxonomy":"product_brand","embeddable":true,"href":"https:\/\/bandidoswitzerland.ch\/de\/wp-json\/wp\/v2\/product_brand?post=1426"},{"taxonomy":"product_cat","embeddable":true,"href":"https:\/\/bandidoswitzerland.ch\/de\/wp-json\/wp\/v2\/product_cat?post=1426"},{"taxonomy":"product_tag","embeddable":true,"href":"https:\/\/bandidoswitzerland.ch\/de\/wp-json\/wp\/v2\/product_tag?post=1426"}],"curies":[{"name":"wp","href":"https:\/\/api.w.org\/{rel}","templated":true}]}}