{"id":1313,"date":"2023-11-20T20:02:21","date_gmt":"2023-11-20T20:02:21","guid":{"rendered":"https:\/\/bandidoswitzerland.ch\/?post_type=product&#038;p=1313"},"modified":"2025-07-22T19:00:32","modified_gmt":"2025-07-22T19:00:32","slug":"bandido-foehn-gruen","status":"publish","type":"product","link":"https:\/\/bandidoswitzerland.ch\/de\/product\/bandido-foehn-gruen\/","title":{"rendered":"Bandido F\u00f6n Gr\u00fcn"},"content":{"rendered":"<p>Der Bandido Pro Haartrockner wurde entwickelt, um Ihr Haar schnell und einfach zu trocknen. Au\u00dferdem h\u00e4lt die pflegende Ionen-Technologie das Haar in optimalem Zustand.<\/p>\n<p>Garantie: 2 Jahre<\/p>\n<p>Leistung: 2600 Watt<br \/>\nGeschwindigkeiten: 2<br \/>\nW\u00e4rmeeinstellungen: 3<br \/>\nSeparate &#8220;Cool Shot&#8221;-Taste zur Fixierung<br \/>\nInklusive D\u00fcse<br \/>\nKabell\u00e4nge: 1,75 Meter<br \/>\n\u00dcberhitzungsschutz<br \/>\nOption f\u00fcr Aufh\u00e4ngung<\/p>\n","protected":false},"excerpt":{"rendered":"<p>Der Bandido Pro Haartrockner wurde entwickelt, um Ihr Haar schnell und einfach zu trocknen. Au\u00dferdem h\u00e4lt die pflegende Ionen-Technologie das Haar in optimalem Zustand. Garantie: 2 Jahre Leistung: 2600 Watt Geschwindigkeiten: 2 W\u00e4rmeeinstellungen: 3 Separate &#8220;Cool Shot&#8221;-Taste zur Fixierung Inklusive D\u00fcse Kabell\u00e4nge: 1,75 Meter \u00dcberhitzungsschutz Option f\u00fcr Aufh\u00e4ngung<\/p>\n","protected":false},"featured_media":1314,"comment_status":"open","ping_status":"closed","template":"","meta":[],"product_brand":[],"product_cat":[20,26],"product_tag":[45],"class_list":{"0":"post-1313","1":"product","2":"type-product","3":"status-publish","4":"has-post-thumbnail","6":"product_cat-elektrogerate","7":"product_cat-fohne","8":"product_tag-bandido","10":"first","11":"instock","12":"shipping-taxable","13":"purchasable","14":"product-type-simple"},"aioseo_notices":[],"_links":{"self":[{"href":"https:\/\/bandidoswitzerland.ch\/de\/wp-json\/wp\/v2\/product\/1313","targetHints":{"allow":["GET"]}}],"collection":[{"href":"https:\/\/bandidoswitzerland.ch\/de\/wp-json\/wp\/v2\/product"}],"about":[{"href":"https:\/\/bandidoswitzerland.ch\/de\/wp-json\/wp\/v2\/types\/product"}],"replies":[{"embeddable":true,"href":"https:\/\/bandidoswitzerland.ch\/de\/wp-json\/wp\/v2\/comments?post=1313"}],"wp:featuredmedia":[{"embeddable":true,"href":"https:\/\/bandidoswitzerland.ch\/de\/wp-json\/wp\/v2\/media\/1314"}],"wp:attachment":[{"href":"https:\/\/bandidoswitzerland.ch\/de\/wp-json\/wp\/v2\/media?parent=1313"}],"wp:term":[{"taxonomy":"product_brand","embeddable":true,"href":"https:\/\/bandidoswitzerland.ch\/de\/wp-json\/wp\/v2\/product_brand?post=1313"},{"taxonomy":"product_cat","embeddable":true,"href":"https:\/\/bandidoswitzerland.ch\/de\/wp-json\/wp\/v2\/product_cat?post=1313"},{"taxonomy":"product_tag","embeddable":true,"href":"https:\/\/bandidoswitzerland.ch\/de\/wp-json\/wp\/v2\/product_tag?post=1313"}],"curies":[{"name":"wp","href":"https:\/\/api.w.org\/{rel}","templated":true}]}}