{"id":1180,"date":"2023-10-10T12:53:13","date_gmt":"2023-10-10T12:53:13","guid":{"rendered":"https:\/\/bandidoswitzerland.ch\/?post_type=product&#038;p=1180"},"modified":"2025-11-08T10:56:24","modified_gmt":"2025-11-08T10:56:24","slug":"hair-spray-extra-volume-gold-bandido","status":"publish","type":"product","link":"https:\/\/bandidoswitzerland.ch\/de\/product\/hair-spray-extra-volume-gold-bandido\/","title":{"rendered":"Hair Spray Extra Volume Gold Bandido"},"content":{"rendered":"<p>Verleiht Ihrer Frisur eine garantierte Haltbarkeit f\u00fcr den ganzen Tag. Es verleiht Ihrem Haar unglaubliches Volumen, Beweglichkeit und Luftigkeit. Das Haar trocknet schnell und bleibt \u00fcberschaubar und gl\u00e4nzend f\u00fcr eine lange Haltbarkeit. Das Produkt hat einen angenehm frischen Duft. Geeignet f\u00fcr alle Haartypen.<\/p>\n<ul>\n<li>sehr starker Halt<\/li>\n<li>Lang anhaltender nat\u00fcrlicher Glanz<\/li>\n<li>Effektive Aufhellung<\/li>\n<li>keine Klebrigkeit<\/li>\n<li>Reichhaltiger Duft<\/li>\n<li>kein austrocknender Alkohol<\/li>\n<\/ul>\n<p>Volume: 400 ml<\/p>\n<p>Brand: Bandido<\/p>\n","protected":false},"excerpt":{"rendered":"<p>Verleiht Ihrer Frisur eine garantierte Haltbarkeit f\u00fcr den ganzen Tag. Es verleiht Ihrem Haar unglaubliches Volumen, Beweglichkeit und Luftigkeit. Das Haar trocknet schnell und bleibt \u00fcberschaubar und gl\u00e4nzend f\u00fcr eine lange Haltbarkeit. Das Produkt hat einen angenehm frischen Duft. Geeignet f\u00fcr alle Haartypen. sehr starker Halt Lang anhaltender nat\u00fcrlicher Glanz Effektive Aufhellung keine Klebrigkeit Reichhaltiger [&hellip;]<\/p>\n","protected":false},"featured_media":1182,"comment_status":"open","ping_status":"closed","template":"","meta":[],"product_brand":[],"product_cat":[28,27,104,21],"product_tag":[45],"class_list":{"0":"post-1180","1":"product","2":"type-product","3":"status-publish","4":"has-post-thumbnail","6":"product_cat-bart","7":"product_cat-haarpflege","8":"product_cat-herrenkosmetik","9":"product_cat-kosmetik","10":"product_tag-bandido","12":"first","13":"instock","14":"sale","15":"shipping-taxable","16":"purchasable","17":"product-type-simple"},"aioseo_notices":[],"_links":{"self":[{"href":"https:\/\/bandidoswitzerland.ch\/de\/wp-json\/wp\/v2\/product\/1180","targetHints":{"allow":["GET"]}}],"collection":[{"href":"https:\/\/bandidoswitzerland.ch\/de\/wp-json\/wp\/v2\/product"}],"about":[{"href":"https:\/\/bandidoswitzerland.ch\/de\/wp-json\/wp\/v2\/types\/product"}],"replies":[{"embeddable":true,"href":"https:\/\/bandidoswitzerland.ch\/de\/wp-json\/wp\/v2\/comments?post=1180"}],"wp:featuredmedia":[{"embeddable":true,"href":"https:\/\/bandidoswitzerland.ch\/de\/wp-json\/wp\/v2\/media\/1182"}],"wp:attachment":[{"href":"https:\/\/bandidoswitzerland.ch\/de\/wp-json\/wp\/v2\/media?parent=1180"}],"wp:term":[{"taxonomy":"product_brand","embeddable":true,"href":"https:\/\/bandidoswitzerland.ch\/de\/wp-json\/wp\/v2\/product_brand?post=1180"},{"taxonomy":"product_cat","embeddable":true,"href":"https:\/\/bandidoswitzerland.ch\/de\/wp-json\/wp\/v2\/product_cat?post=1180"},{"taxonomy":"product_tag","embeddable":true,"href":"https:\/\/bandidoswitzerland.ch\/de\/wp-json\/wp\/v2\/product_tag?post=1180"}],"curies":[{"name":"wp","href":"https:\/\/api.w.org\/{rel}","templated":true}]}}