{"id":1178,"date":"2023-10-10T12:03:23","date_gmt":"2023-10-10T12:03:23","guid":{"rendered":"https:\/\/bandidoswitzerland.ch\/?post_type=product&#038;p=1178"},"modified":"2025-11-08T10:57:25","modified_gmt":"2025-11-08T10:57:25","slug":"coconut-nourishing-naturals-sheen-spray-bandido","status":"publish","type":"product","link":"https:\/\/bandidoswitzerland.ch\/de\/product\/coconut-nourishing-naturals-sheen-spray-bandido\/","title":{"rendered":"Coconut Nourishing Naturals Sheen Spray Bandido"},"content":{"rendered":"<p>Kokosnuss\u00f6l-Spray n\u00e4hrt und verleiht Glanz, verleiht dem Haar nat\u00fcrliche und gesunde Leuchtkraft. Reguliert den nat\u00fcrlichen Feuchtigkeitshaushalt der Haare. Enth\u00e4lt Vitamin E und Aloe Vera und pflegt das Haar von der Wurzel bis zur Spitze. F\u00fcr trockenes und nasses Haar<\/p>\n<p>Erh\u00f6ht den Glanz Ihres Haares mit Kokosnuss\u00f6l und n\u00e4hrt die Kopfhaut mit Kamillenessenz und sorgt f\u00fcr lebendiges und gl\u00e4nzendes Haar.<\/p>\n<p>Volume: 500 ml<\/p>\n<p>Brand: Bandido<\/p>\n","protected":false},"excerpt":{"rendered":"<p>Kokosnuss\u00f6l-Spray n\u00e4hrt und verleiht Glanz, verleiht dem Haar nat\u00fcrliche und gesunde Leuchtkraft. Reguliert den nat\u00fcrlichen Feuchtigkeitshaushalt der Haare. Enth\u00e4lt Vitamin E und Aloe Vera und pflegt das Haar von der Wurzel bis zur Spitze. F\u00fcr trockenes und nasses Haar Erh\u00f6ht den Glanz Ihres Haares mit Kokosnuss\u00f6l und n\u00e4hrt die Kopfhaut mit Kamillenessenz und sorgt f\u00fcr [&hellip;]<\/p>\n","protected":false},"featured_media":1179,"comment_status":"open","ping_status":"closed","template":"","meta":[],"product_brand":[],"product_cat":[28,27,104,21],"product_tag":[45],"class_list":{"0":"post-1178","1":"product","2":"type-product","3":"status-publish","4":"has-post-thumbnail","6":"product_cat-bart","7":"product_cat-haarpflege","8":"product_cat-herrenkosmetik","9":"product_cat-kosmetik","10":"product_tag-bandido","12":"first","13":"instock","14":"shipping-taxable","15":"purchasable","16":"product-type-simple"},"aioseo_notices":[],"_links":{"self":[{"href":"https:\/\/bandidoswitzerland.ch\/de\/wp-json\/wp\/v2\/product\/1178","targetHints":{"allow":["GET"]}}],"collection":[{"href":"https:\/\/bandidoswitzerland.ch\/de\/wp-json\/wp\/v2\/product"}],"about":[{"href":"https:\/\/bandidoswitzerland.ch\/de\/wp-json\/wp\/v2\/types\/product"}],"replies":[{"embeddable":true,"href":"https:\/\/bandidoswitzerland.ch\/de\/wp-json\/wp\/v2\/comments?post=1178"}],"wp:featuredmedia":[{"embeddable":true,"href":"https:\/\/bandidoswitzerland.ch\/de\/wp-json\/wp\/v2\/media\/1179"}],"wp:attachment":[{"href":"https:\/\/bandidoswitzerland.ch\/de\/wp-json\/wp\/v2\/media?parent=1178"}],"wp:term":[{"taxonomy":"product_brand","embeddable":true,"href":"https:\/\/bandidoswitzerland.ch\/de\/wp-json\/wp\/v2\/product_brand?post=1178"},{"taxonomy":"product_cat","embeddable":true,"href":"https:\/\/bandidoswitzerland.ch\/de\/wp-json\/wp\/v2\/product_cat?post=1178"},{"taxonomy":"product_tag","embeddable":true,"href":"https:\/\/bandidoswitzerland.ch\/de\/wp-json\/wp\/v2\/product_tag?post=1178"}],"curies":[{"name":"wp","href":"https:\/\/api.w.org\/{rel}","templated":true}]}}