{"id":387,"date":"2023-08-30T12:40:04","date_gmt":"2023-08-30T12:40:04","guid":{"rendered":"https:\/\/bandidoswitzerland.ch\/?page_id=387"},"modified":"2026-01-04T20:48:26","modified_gmt":"2026-01-04T20:48:26","slug":"haufig-gestellte-fragen","status":"publish","type":"page","link":"https:\/\/bandidoswitzerland.ch\/de\/haufig-gestellte-fragen\/","title":{"rendered":"H\u00e4ufig gestellte Fragen"},"content":{"rendered":"\t\t<div data-elementor-type=\"wp-page\" data-elementor-id=\"387\" class=\"elementor elementor-387\" data-elementor-post-type=\"page\">\n\t\t\t\t\t\t<section class=\"elementor-section elementor-top-section elementor-element elementor-element-9bc22d8 elementor-section-boxed elementor-section-height-default elementor-section-height-default\" data-id=\"9bc22d8\" data-element_type=\"section\" data-e-type=\"section\">\n\t\t\t\t\t\t<div class=\"elementor-container elementor-column-gap-default\">\n\t\t\t\t\t<div class=\"elementor-column elementor-col-33 elementor-top-column elementor-element elementor-element-7681d78\" data-id=\"7681d78\" data-element_type=\"column\" data-e-type=\"column\">\n\t\t\t<div class=\"elementor-widget-wrap elementor-element-populated\">\n\t\t\t\t\t\t<div class=\"elementor-element elementor-element-e6f92c1 elementor-nav-menu__align-start elementor-nav-menu--dropdown-none elementor-widget elementor-widget-nav-menu\" data-id=\"e6f92c1\" data-element_type=\"widget\" data-e-type=\"widget\" data-settings=\"{&quot;layout&quot;:&quot;vertical&quot;,&quot;submenu_icon&quot;:{&quot;value&quot;:&quot;&lt;i class=\\&quot;fas fa-caret-down\\&quot;&gt;&lt;\\\/i&gt;&quot;,&quot;library&quot;:&quot;fa-solid&quot;}}\" data-widget_type=\"nav-menu.default\">\n\t\t\t\t<div class=\"elementor-widget-container\">\n\t\t\t\t\t\t\t\t<nav aria-label=\"Menu\" class=\"elementor-nav-menu--main elementor-nav-menu__container elementor-nav-menu--layout-vertical e--pointer-underline e--animation-fade\">\n\t\t\t\t<ul id=\"menu-1-e6f92c1\" class=\"elementor-nav-menu sm-vertical\"><li class=\"menu-item menu-item-type-post_type menu-item-object-page menu-item-392\"><a href=\"https:\/\/bandidoswitzerland.ch\/de\/kontakt\/\" class=\"elementor-item\">Kontakt<\/a><\/li>\n<li class=\"menu-item menu-item-type-post_type menu-item-object-page menu-item-394\"><a href=\"https:\/\/bandidoswitzerland.ch\/de\/zahlungsarten\/\" class=\"elementor-item\">Zahlungsarten<\/a><\/li>\n<li class=\"menu-item menu-item-type-post_type menu-item-object-page menu-item-2474\"><a href=\"https:\/\/bandidoswitzerland.ch\/de\/umtausch-und-ruckgabe\/\" class=\"elementor-item\">Umtausch und R\u00fcckgabe<\/a><\/li>\n<li class=\"menu-item menu-item-type-post_type menu-item-object-page menu-item-391\"><a href=\"https:\/\/bandidoswitzerland.ch\/de\/haufig-gestellte-fragen\/\" class=\"elementor-item\">H\u00e4ufig gestellte Fragen<\/a><\/li>\n<li class=\"menu-item menu-item-type-post_type menu-item-object-page menu-item-393\"><a href=\"https:\/\/bandidoswitzerland.ch\/de\/unsere-kunden\/\" class=\"elementor-item\">Unsere Kunden<\/a><\/li>\n<li class=\"menu-item menu-item-type-post_type menu-item-object-page menu-item-2473\"><a href=\"https:\/\/bandidoswitzerland.ch\/de\/uber-uns\/\" class=\"elementor-item\">\u00dcber uns<\/a><\/li>\n<li class=\"menu-item menu-item-type-post_type menu-item-object-page menu-item-2775\"><a href=\"https:\/\/bandidoswitzerland.ch\/de\/kontakt\/impressum\/\" class=\"elementor-item\">Impressum<\/a><\/li>\n<li class=\"menu-item menu-item-type-post_type menu-item-object-page menu-item-2798\"><a href=\"https:\/\/bandidoswitzerland.ch\/de\/agb\/\" class=\"elementor-item\">AGB<\/a><\/li>\n<\/ul>\t\t\t<\/nav>\n\t\t\t\t\t\t<nav class=\"elementor-nav-menu--dropdown elementor-nav-menu__container\" aria-hidden=\"true\">\n\t\t\t\t<ul id=\"menu-2-e6f92c1\" class=\"elementor-nav-menu sm-vertical\"><li class=\"menu-item menu-item-type-post_type menu-item-object-page menu-item-392\"><a href=\"https:\/\/bandidoswitzerland.ch\/de\/kontakt\/\" class=\"elementor-item\" tabindex=\"-1\">Kontakt<\/a><\/li>\n<li class=\"menu-item menu-item-type-post_type menu-item-object-page menu-item-394\"><a href=\"https:\/\/bandidoswitzerland.ch\/de\/zahlungsarten\/\" class=\"elementor-item\" tabindex=\"-1\">Zahlungsarten<\/a><\/li>\n<li class=\"menu-item menu-item-type-post_type menu-item-object-page menu-item-2474\"><a href=\"https:\/\/bandidoswitzerland.ch\/de\/umtausch-und-ruckgabe\/\" class=\"elementor-item\" tabindex=\"-1\">Umtausch und R\u00fcckgabe<\/a><\/li>\n<li class=\"menu-item menu-item-type-post_type menu-item-object-page menu-item-391\"><a href=\"https:\/\/bandidoswitzerland.ch\/de\/haufig-gestellte-fragen\/\" class=\"elementor-item\" tabindex=\"-1\">H\u00e4ufig gestellte Fragen<\/a><\/li>\n<li class=\"menu-item menu-item-type-post_type menu-item-object-page menu-item-393\"><a href=\"https:\/\/bandidoswitzerland.ch\/de\/unsere-kunden\/\" class=\"elementor-item\" tabindex=\"-1\">Unsere Kunden<\/a><\/li>\n<li class=\"menu-item menu-item-type-post_type menu-item-object-page menu-item-2473\"><a href=\"https:\/\/bandidoswitzerland.ch\/de\/uber-uns\/\" class=\"elementor-item\" tabindex=\"-1\">\u00dcber uns<\/a><\/li>\n<li class=\"menu-item menu-item-type-post_type menu-item-object-page menu-item-2775\"><a href=\"https:\/\/bandidoswitzerland.ch\/de\/kontakt\/impressum\/\" class=\"elementor-item\" tabindex=\"-1\">Impressum<\/a><\/li>\n<li class=\"menu-item menu-item-type-post_type menu-item-object-page menu-item-2798\"><a href=\"https:\/\/bandidoswitzerland.ch\/de\/agb\/\" class=\"elementor-item\" tabindex=\"-1\">AGB<\/a><\/li>\n<\/ul>\t\t\t<\/nav>\n\t\t\t\t\t\t<\/div>\n\t\t\t\t<\/div>\n\t\t\t\t\t<\/div>\n\t\t<\/div>\n\t\t\t\t<div class=\"elementor-column elementor-col-66 elementor-top-column elementor-element elementor-element-8559982\" data-id=\"8559982\" data-element_type=\"column\" data-e-type=\"column\">\n\t\t\t<div class=\"elementor-widget-wrap elementor-element-populated\">\n\t\t\t\t\t\t<div class=\"elementor-element elementor-element-0e378ed elementor-widget elementor-widget-text-editor\" data-id=\"0e378ed\" data-element_type=\"widget\" data-e-type=\"widget\" data-widget_type=\"text-editor.default\">\n\t\t\t\t<div class=\"elementor-widget-container\">\n\t\t\t\t\t\t\t\t\t<p><strong>Was kostet der Versand und die Liferung?<\/strong><\/p><p style=\"padding-left: 40px;\">Der Versand ist nur f\u00fcr die Schweiz mit Standardversand durch die Schweizerische Post m\u00f6glich.<\/p><p style=\"padding-left: 40px;\">Bei Bestellungen \u00fcber 59 CHF ist die Lieferung kostenlos.<\/p><p style=\"padding-left: 40px;\">Bei Bestellungen unter 59 CHF kostet die Lieferung 8,50 CHF.<\/p><p><strong>Kann ich die Bestellung selbst abholen?<\/strong><\/p><p style=\"padding-left: 40px;\">Es ist auch m\u00f6glich, Ihre Bestellung kostenlos an unserem physischen Standort (Luzernstrasse 29, 4500 Solothurn) abzuholen. Sie k\u00f6nnen diese Option im Warenkorb\u00a0ausw\u00e4hlen.<\/p><p><strong>Wie erfahre ich, ob meine Ware versandt wurde?<\/strong><\/p><p style=\"padding-left: 40px;\">Nachdem die Ware versandt wurde, erhalten Sie eine E-Mail mit Ihrer Bestellnummer, mit der Sie Ihr Paket verfolgen k\u00f6nnen.<\/p><p><strong>Wie lange dauert der Versand und die Lieferung?<\/strong><\/p><p style=\"padding-left: 40px;\">Wir versenden die Ware von 1 bis 3 Tagen. Danach erhalten Sie eine E-Mail mit einer Versandbest\u00e4tigung und Trackingnummer. So wissen Sie immer genau wo sich Ihre Bestellung gerade befindet und wann sie vorraussichtlich zugestellt wird.<\/p><p><strong>Wie kann ich die Bestellung zur\u00fcckgeben?<\/strong><\/p><p style=\"padding-left: 40px;\">Wenn das erhaltene Produkt Ihren Erwartungen nicht entspricht oder wenn Sie mit Ihrer Wahl unzufrieden sind, k\u00f6nnen Sie eine R\u00fcckgabe vornehmen. Sie haben genau 14 Kalendertage ab Lieferdatum.<\/p><p style=\"padding-left: 40px;\">Kontaktieren Sie uns bitte per E-Mail: shop.3guys@gmail.com , um die Einzelheiten zu erl\u00e4utern.<\/p>\t\t\t\t\t\t\t\t<\/div>\n\t\t\t\t<\/div>\n\t\t\t\t\t<\/div>\n\t\t<\/div>\n\t\t\t\t\t<\/div>\n\t\t<\/section>\n\t\t\t\t<\/div>\n\t\t","protected":false},"excerpt":{"rendered":"<p>Was kostet der Versand und die Liferung? Der Versand ist nur f\u00fcr die Schweiz mit Standardversand durch die Schweizerische Post m\u00f6glich. Bei Bestellungen \u00fcber 59 CHF ist die Lieferung kostenlos. Bei Bestellungen unter 59 CHF kostet die Lieferung 8,50 CHF. Kann ich die Bestellung selbst abholen? Es ist auch m\u00f6glich, Ihre Bestellung kostenlos an unserem [&hellip;]<\/p>\n","protected":false},"author":1,"featured_media":0,"parent":0,"menu_order":0,"comment_status":"closed","ping_status":"closed","template":"elementor_header_footer","meta":{"footnotes":""},"class_list":["post-387","page","type-page","status-publish","hentry"],"aioseo_notices":[],"_links":{"self":[{"href":"https:\/\/bandidoswitzerland.ch\/de\/wp-json\/wp\/v2\/pages\/387","targetHints":{"allow":["GET"]}}],"collection":[{"href":"https:\/\/bandidoswitzerland.ch\/de\/wp-json\/wp\/v2\/pages"}],"about":[{"href":"https:\/\/bandidoswitzerland.ch\/de\/wp-json\/wp\/v2\/types\/page"}],"author":[{"embeddable":true,"href":"https:\/\/bandidoswitzerland.ch\/de\/wp-json\/wp\/v2\/users\/1"}],"replies":[{"embeddable":true,"href":"https:\/\/bandidoswitzerland.ch\/de\/wp-json\/wp\/v2\/comments?post=387"}],"version-history":[{"count":1,"href":"https:\/\/bandidoswitzerland.ch\/de\/wp-json\/wp\/v2\/pages\/387\/revisions"}],"predecessor-version":[{"id":3358,"href":"https:\/\/bandidoswitzerland.ch\/de\/wp-json\/wp\/v2\/pages\/387\/revisions\/3358"}],"wp:attachment":[{"href":"https:\/\/bandidoswitzerland.ch\/de\/wp-json\/wp\/v2\/media?parent=387"}],"curies":[{"name":"wp","href":"https:\/\/api.w.org\/{rel}","templated":true}]}}