{"id":385,"date":"2023-08-30T12:38:50","date_gmt":"2023-08-30T12:38:50","guid":{"rendered":"https:\/\/bandidoswitzerland.ch\/?page_id=385"},"modified":"2024-09-28T07:25:51","modified_gmt":"2024-09-28T07:25:51","slug":"zahlungsarten","status":"publish","type":"page","link":"https:\/\/bandidoswitzerland.ch\/de\/zahlungsarten\/","title":{"rendered":"Zahlungsarten"},"content":{"rendered":"\t\t<div data-elementor-type=\"wp-page\" data-elementor-id=\"385\" class=\"elementor elementor-385\" data-elementor-post-type=\"page\">\n\t\t\t\t\t\t<section class=\"elementor-section elementor-top-section elementor-element elementor-element-caf04ba elementor-section-boxed elementor-section-height-default elementor-section-height-default\" data-id=\"caf04ba\" data-element_type=\"section\" data-e-type=\"section\">\n\t\t\t\t\t\t<div class=\"elementor-container elementor-column-gap-default\">\n\t\t\t\t\t<div class=\"elementor-column elementor-col-33 elementor-top-column elementor-element elementor-element-67c1d11\" data-id=\"67c1d11\" data-element_type=\"column\" data-e-type=\"column\">\n\t\t\t<div class=\"elementor-widget-wrap elementor-element-populated\">\n\t\t\t\t\t\t<div class=\"elementor-element elementor-element-82249a5 elementor-nav-menu__align-start elementor-nav-menu--dropdown-none elementor-widget elementor-widget-nav-menu\" data-id=\"82249a5\" data-element_type=\"widget\" data-e-type=\"widget\" data-settings=\"{&quot;layout&quot;:&quot;vertical&quot;,&quot;submenu_icon&quot;:{&quot;value&quot;:&quot;&lt;i class=\\&quot;fas fa-caret-down\\&quot;&gt;&lt;\\\/i&gt;&quot;,&quot;library&quot;:&quot;fa-solid&quot;}}\" data-widget_type=\"nav-menu.default\">\n\t\t\t\t<div class=\"elementor-widget-container\">\n\t\t\t\t\t\t\t\t<nav aria-label=\"Menu\" class=\"elementor-nav-menu--main elementor-nav-menu__container elementor-nav-menu--layout-vertical e--pointer-underline e--animation-fade\">\n\t\t\t\t<ul id=\"menu-1-82249a5\" class=\"elementor-nav-menu sm-vertical\"><li class=\"menu-item menu-item-type-post_type menu-item-object-page menu-item-392\"><a href=\"https:\/\/bandidoswitzerland.ch\/de\/kontakt\/\" class=\"elementor-item\">Kontakt<\/a><\/li>\n<li class=\"menu-item menu-item-type-post_type menu-item-object-page menu-item-394\"><a href=\"https:\/\/bandidoswitzerland.ch\/de\/zahlungsarten\/\" class=\"elementor-item\">Zahlungsarten<\/a><\/li>\n<li class=\"menu-item menu-item-type-post_type menu-item-object-page menu-item-2474\"><a href=\"https:\/\/bandidoswitzerland.ch\/de\/umtausch-und-ruckgabe\/\" class=\"elementor-item\">Umtausch und R\u00fcckgabe<\/a><\/li>\n<li class=\"menu-item menu-item-type-post_type menu-item-object-page menu-item-391\"><a href=\"https:\/\/bandidoswitzerland.ch\/de\/haufig-gestellte-fragen\/\" class=\"elementor-item\">H\u00e4ufig gestellte Fragen<\/a><\/li>\n<li class=\"menu-item menu-item-type-post_type menu-item-object-page menu-item-393\"><a href=\"https:\/\/bandidoswitzerland.ch\/de\/unsere-kunden\/\" class=\"elementor-item\">Unsere Kunden<\/a><\/li>\n<li class=\"menu-item menu-item-type-post_type menu-item-object-page menu-item-2473\"><a href=\"https:\/\/bandidoswitzerland.ch\/de\/uber-uns\/\" class=\"elementor-item\">\u00dcber uns<\/a><\/li>\n<li class=\"menu-item menu-item-type-post_type menu-item-object-page menu-item-2775\"><a href=\"https:\/\/bandidoswitzerland.ch\/de\/kontakt\/impressum\/\" class=\"elementor-item\">Impressum<\/a><\/li>\n<li class=\"menu-item menu-item-type-post_type menu-item-object-page menu-item-2798\"><a href=\"https:\/\/bandidoswitzerland.ch\/de\/agb\/\" class=\"elementor-item\">AGB<\/a><\/li>\n<\/ul>\t\t\t<\/nav>\n\t\t\t\t\t\t<nav class=\"elementor-nav-menu--dropdown elementor-nav-menu__container\" aria-hidden=\"true\">\n\t\t\t\t<ul id=\"menu-2-82249a5\" class=\"elementor-nav-menu sm-vertical\"><li class=\"menu-item menu-item-type-post_type menu-item-object-page menu-item-392\"><a href=\"https:\/\/bandidoswitzerland.ch\/de\/kontakt\/\" class=\"elementor-item\" tabindex=\"-1\">Kontakt<\/a><\/li>\n<li class=\"menu-item menu-item-type-post_type menu-item-object-page menu-item-394\"><a href=\"https:\/\/bandidoswitzerland.ch\/de\/zahlungsarten\/\" class=\"elementor-item\" tabindex=\"-1\">Zahlungsarten<\/a><\/li>\n<li class=\"menu-item menu-item-type-post_type menu-item-object-page menu-item-2474\"><a href=\"https:\/\/bandidoswitzerland.ch\/de\/umtausch-und-ruckgabe\/\" class=\"elementor-item\" tabindex=\"-1\">Umtausch und R\u00fcckgabe<\/a><\/li>\n<li class=\"menu-item menu-item-type-post_type menu-item-object-page menu-item-391\"><a href=\"https:\/\/bandidoswitzerland.ch\/de\/haufig-gestellte-fragen\/\" class=\"elementor-item\" tabindex=\"-1\">H\u00e4ufig gestellte Fragen<\/a><\/li>\n<li class=\"menu-item menu-item-type-post_type menu-item-object-page menu-item-393\"><a href=\"https:\/\/bandidoswitzerland.ch\/de\/unsere-kunden\/\" class=\"elementor-item\" tabindex=\"-1\">Unsere Kunden<\/a><\/li>\n<li class=\"menu-item menu-item-type-post_type menu-item-object-page menu-item-2473\"><a href=\"https:\/\/bandidoswitzerland.ch\/de\/uber-uns\/\" class=\"elementor-item\" tabindex=\"-1\">\u00dcber uns<\/a><\/li>\n<li class=\"menu-item menu-item-type-post_type menu-item-object-page menu-item-2775\"><a href=\"https:\/\/bandidoswitzerland.ch\/de\/kontakt\/impressum\/\" class=\"elementor-item\" tabindex=\"-1\">Impressum<\/a><\/li>\n<li class=\"menu-item menu-item-type-post_type menu-item-object-page menu-item-2798\"><a href=\"https:\/\/bandidoswitzerland.ch\/de\/agb\/\" class=\"elementor-item\" tabindex=\"-1\">AGB<\/a><\/li>\n<\/ul>\t\t\t<\/nav>\n\t\t\t\t\t\t<\/div>\n\t\t\t\t<\/div>\n\t\t\t\t\t<\/div>\n\t\t<\/div>\n\t\t\t\t<div class=\"elementor-column elementor-col-66 elementor-top-column elementor-element elementor-element-3da043b\" data-id=\"3da043b\" data-element_type=\"column\" data-e-type=\"column\">\n\t\t\t<div class=\"elementor-widget-wrap elementor-element-populated\">\n\t\t\t\t\t\t<div class=\"elementor-element elementor-element-bde0e85 elementor-widget elementor-widget-text-editor\" data-id=\"bde0e85\" data-element_type=\"widget\" data-e-type=\"widget\" data-widget_type=\"text-editor.default\">\n\t\t\t\t<div class=\"elementor-widget-container\">\n\t\t\t\t\t\t\t\t\t<h3><span style=\"text-decoration: underline;\">Zahlungsarten<\/span><\/h3><ul><li><strong>Debit- sowie Kreditkarte<\/strong> (Visa &amp; MasterCard)<\/li><\/ul><p>Geben Sie in das spezielle Formular bei der Best\u00e4tigung der Bestellung die f\u00fcr die Zahlung erforderlichen Informationen ein: Kartennummer, G\u00fcltigkeit und CVV Code, der sich auf der R\u00fcckseite der Unterschriftsstelle befindet. Diese Zahlungsmethode ist auch sicher, da alle Zahlungskarten eine zus\u00e4tzliche SSL-Verschl\u00fcsselung haben. Sobald die Zahlung erfolgt ist, wird der Betrag von Ihrem Konto abgebucht und Sie haben die Bestellung bezahlt.<\/p><ul><li><strong>Paypal<\/strong><\/li><\/ul><p>Bezahlen Sie den Kaufbetrag einfach und rasch \u00fcber Ihr PayPal-Konto.<\/p><ul><li><strong>ApplePay <\/strong>sowie <strong>GooglePay<\/strong><\/li><li><strong>TWINT<\/strong><\/li><\/ul><p>Auf unserer Website k\u00f6nnen Sie Ihre Bestellung auch per TWINT bezahlen. Dazu m\u00fcssen Sie uns nur \u00fcber WhatsApp kontaktieren.<\/p><h3 style=\"text-align: left;\"><span style=\"text-decoration: underline;\">Lieferung<\/span><\/h3><ul><li><strong>Versandkosten<\/strong><\/li><\/ul><p>Alle Bestellungen ab einem Bestellwert von CHF 59 CHF sind versandkostenfrei. Liegt der Bestellwert unter CHF 59 CHF berechnen wir lediglich CHF 8,50 Versandkosten. Unsere Empfehlung: Lege eine zus\u00e4tzliche Kleinigkeit in deinen Warenkorb, falls dein Wunschprodukt f\u00fcr eine kostenfreie Lieferung nicht ausreicht.<\/p><ul><li><strong>Lieferzeit<\/strong><\/li><\/ul><p>Im unserem Online-Shop musst du nicht lange auf deine Bestellung warten. Innerhalb der Schweiz liefern wir innerhalb von 3\u20135 Werktagen.<br \/>Gesetzliche Feiertage in der Schweiz wirken sich ebenfalls auf den Lieferzeitpunkt deiner Bestellung aus und f\u00fchren zu einer Verschiebung der Belieferung fr\u00fchestens auf den jeweiligen Folgetag.<\/p>\t\t\t\t\t\t\t\t<\/div>\n\t\t\t\t<\/div>\n\t\t\t\t\t<\/div>\n\t\t<\/div>\n\t\t\t\t\t<\/div>\n\t\t<\/section>\n\t\t\t\t<\/div>\n\t\t","protected":false},"excerpt":{"rendered":"<p>Zahlungsarten Debit- sowie Kreditkarte (Visa &amp; MasterCard) Geben Sie in das spezielle Formular bei der Best\u00e4tigung der Bestellung die f\u00fcr die Zahlung erforderlichen Informationen ein: Kartennummer, G\u00fcltigkeit und CVV Code, der sich auf der R\u00fcckseite der Unterschriftsstelle befindet. Diese Zahlungsmethode ist auch sicher, da alle Zahlungskarten eine zus\u00e4tzliche SSL-Verschl\u00fcsselung haben. Sobald die Zahlung erfolgt ist, [&hellip;]<\/p>\n","protected":false},"author":1,"featured_media":0,"parent":0,"menu_order":0,"comment_status":"closed","ping_status":"closed","template":"elementor_header_footer","meta":{"footnotes":""},"class_list":["post-385","page","type-page","status-publish","hentry"],"aioseo_notices":[],"_links":{"self":[{"href":"https:\/\/bandidoswitzerland.ch\/de\/wp-json\/wp\/v2\/pages\/385","targetHints":{"allow":["GET"]}}],"collection":[{"href":"https:\/\/bandidoswitzerland.ch\/de\/wp-json\/wp\/v2\/pages"}],"about":[{"href":"https:\/\/bandidoswitzerland.ch\/de\/wp-json\/wp\/v2\/types\/page"}],"author":[{"embeddable":true,"href":"https:\/\/bandidoswitzerland.ch\/de\/wp-json\/wp\/v2\/users\/1"}],"replies":[{"embeddable":true,"href":"https:\/\/bandidoswitzerland.ch\/de\/wp-json\/wp\/v2\/comments?post=385"}],"version-history":[{"count":0,"href":"https:\/\/bandidoswitzerland.ch\/de\/wp-json\/wp\/v2\/pages\/385\/revisions"}],"wp:attachment":[{"href":"https:\/\/bandidoswitzerland.ch\/de\/wp-json\/wp\/v2\/media?parent=385"}],"curies":[{"name":"wp","href":"https:\/\/api.w.org\/{rel}","templated":true}]}}