{"id":2793,"date":"2025-03-31T17:09:17","date_gmt":"2025-03-31T17:09:17","guid":{"rendered":"https:\/\/bandidoswitzerland.ch\/?page_id=2793"},"modified":"2025-03-31T17:12:30","modified_gmt":"2025-03-31T17:12:30","slug":"agb","status":"publish","type":"page","link":"https:\/\/bandidoswitzerland.ch\/de\/agb\/","title":{"rendered":"AGB"},"content":{"rendered":"\t\t<div data-elementor-type=\"wp-page\" data-elementor-id=\"2793\" class=\"elementor elementor-2793\" data-elementor-post-type=\"page\">\n\t\t\t\t\t\t<section class=\"elementor-section elementor-top-section elementor-element elementor-element-0600dab elementor-section-boxed elementor-section-height-default elementor-section-height-default\" data-id=\"0600dab\" data-element_type=\"section\" data-e-type=\"section\">\n\t\t\t\t\t\t<div class=\"elementor-container elementor-column-gap-default\">\n\t\t\t\t\t<div class=\"elementor-column elementor-col-33 elementor-top-column elementor-element elementor-element-b14ffde\" data-id=\"b14ffde\" data-element_type=\"column\" data-e-type=\"column\">\n\t\t\t<div class=\"elementor-widget-wrap elementor-element-populated\">\n\t\t\t\t\t\t<div class=\"elementor-element elementor-element-6bf6555 elementor-nav-menu__align-start elementor-nav-menu--dropdown-none elementor-widget elementor-widget-nav-menu\" data-id=\"6bf6555\" data-element_type=\"widget\" data-e-type=\"widget\" data-settings=\"{&quot;layout&quot;:&quot;vertical&quot;,&quot;submenu_icon&quot;:{&quot;value&quot;:&quot;&lt;i class=\\&quot;fas fa-caret-down\\&quot;&gt;&lt;\\\/i&gt;&quot;,&quot;library&quot;:&quot;fa-solid&quot;}}\" data-widget_type=\"nav-menu.default\">\n\t\t\t\t<div class=\"elementor-widget-container\">\n\t\t\t\t\t\t\t\t<nav aria-label=\"Menu\" class=\"elementor-nav-menu--main elementor-nav-menu__container elementor-nav-menu--layout-vertical e--pointer-underline e--animation-fade\">\n\t\t\t\t<ul id=\"menu-1-6bf6555\" class=\"elementor-nav-menu sm-vertical\"><li class=\"menu-item menu-item-type-post_type menu-item-object-page menu-item-392\"><a href=\"https:\/\/bandidoswitzerland.ch\/de\/kontakt\/\" class=\"elementor-item\">Kontakt<\/a><\/li>\n<li class=\"menu-item menu-item-type-post_type menu-item-object-page menu-item-394\"><a href=\"https:\/\/bandidoswitzerland.ch\/de\/zahlungsarten\/\" class=\"elementor-item\">Zahlungsarten<\/a><\/li>\n<li class=\"menu-item menu-item-type-post_type menu-item-object-page menu-item-2474\"><a href=\"https:\/\/bandidoswitzerland.ch\/de\/umtausch-und-ruckgabe\/\" class=\"elementor-item\">Umtausch und R\u00fcckgabe<\/a><\/li>\n<li class=\"menu-item menu-item-type-post_type menu-item-object-page menu-item-391\"><a href=\"https:\/\/bandidoswitzerland.ch\/de\/haufig-gestellte-fragen\/\" class=\"elementor-item\">H\u00e4ufig gestellte Fragen<\/a><\/li>\n<li class=\"menu-item menu-item-type-post_type menu-item-object-page menu-item-393\"><a href=\"https:\/\/bandidoswitzerland.ch\/de\/unsere-kunden\/\" class=\"elementor-item\">Unsere Kunden<\/a><\/li>\n<li class=\"menu-item menu-item-type-post_type menu-item-object-page menu-item-2473\"><a href=\"https:\/\/bandidoswitzerland.ch\/de\/uber-uns\/\" class=\"elementor-item\">\u00dcber uns<\/a><\/li>\n<li class=\"menu-item menu-item-type-post_type menu-item-object-page menu-item-2775\"><a href=\"https:\/\/bandidoswitzerland.ch\/de\/kontakt\/impressum\/\" class=\"elementor-item\">Impressum<\/a><\/li>\n<li class=\"menu-item menu-item-type-post_type menu-item-object-page menu-item-2798\"><a href=\"https:\/\/bandidoswitzerland.ch\/de\/agb\/\" class=\"elementor-item\">AGB<\/a><\/li>\n<\/ul>\t\t\t<\/nav>\n\t\t\t\t\t\t<nav class=\"elementor-nav-menu--dropdown elementor-nav-menu__container\" aria-hidden=\"true\">\n\t\t\t\t<ul id=\"menu-2-6bf6555\" class=\"elementor-nav-menu sm-vertical\"><li class=\"menu-item menu-item-type-post_type menu-item-object-page menu-item-392\"><a href=\"https:\/\/bandidoswitzerland.ch\/de\/kontakt\/\" class=\"elementor-item\" tabindex=\"-1\">Kontakt<\/a><\/li>\n<li class=\"menu-item menu-item-type-post_type menu-item-object-page menu-item-394\"><a href=\"https:\/\/bandidoswitzerland.ch\/de\/zahlungsarten\/\" class=\"elementor-item\" tabindex=\"-1\">Zahlungsarten<\/a><\/li>\n<li class=\"menu-item menu-item-type-post_type menu-item-object-page menu-item-2474\"><a href=\"https:\/\/bandidoswitzerland.ch\/de\/umtausch-und-ruckgabe\/\" class=\"elementor-item\" tabindex=\"-1\">Umtausch und R\u00fcckgabe<\/a><\/li>\n<li class=\"menu-item menu-item-type-post_type menu-item-object-page menu-item-391\"><a href=\"https:\/\/bandidoswitzerland.ch\/de\/haufig-gestellte-fragen\/\" class=\"elementor-item\" tabindex=\"-1\">H\u00e4ufig gestellte Fragen<\/a><\/li>\n<li class=\"menu-item menu-item-type-post_type menu-item-object-page menu-item-393\"><a href=\"https:\/\/bandidoswitzerland.ch\/de\/unsere-kunden\/\" class=\"elementor-item\" tabindex=\"-1\">Unsere Kunden<\/a><\/li>\n<li class=\"menu-item menu-item-type-post_type menu-item-object-page menu-item-2473\"><a href=\"https:\/\/bandidoswitzerland.ch\/de\/uber-uns\/\" class=\"elementor-item\" tabindex=\"-1\">\u00dcber uns<\/a><\/li>\n<li class=\"menu-item menu-item-type-post_type menu-item-object-page menu-item-2775\"><a href=\"https:\/\/bandidoswitzerland.ch\/de\/kontakt\/impressum\/\" class=\"elementor-item\" tabindex=\"-1\">Impressum<\/a><\/li>\n<li class=\"menu-item menu-item-type-post_type menu-item-object-page menu-item-2798\"><a href=\"https:\/\/bandidoswitzerland.ch\/de\/agb\/\" class=\"elementor-item\" tabindex=\"-1\">AGB<\/a><\/li>\n<\/ul>\t\t\t<\/nav>\n\t\t\t\t\t\t<\/div>\n\t\t\t\t<\/div>\n\t\t\t\t\t<\/div>\n\t\t<\/div>\n\t\t\t\t<div class=\"elementor-column elementor-col-66 elementor-top-column elementor-element elementor-element-498e786\" data-id=\"498e786\" data-element_type=\"column\" data-e-type=\"column\">\n\t\t\t<div class=\"elementor-widget-wrap elementor-element-populated\">\n\t\t\t\t\t\t<div class=\"elementor-element elementor-element-142df37 elementor-widget elementor-widget-text-editor\" data-id=\"142df37\" data-element_type=\"widget\" data-e-type=\"widget\" data-widget_type=\"text-editor.default\">\n\t\t\t\t<div class=\"elementor-widget-container\">\n\t\t\t\t\t\t\t\t\t<p data-pm-slice=\"1 1 []\"><strong>Allgemeine Gesch\u00e4ftsbedingungen (AGB)<\/strong><br \/><br \/><\/p><p><strong>1. Geltungsbereich<\/strong><br \/>Diese Allgemeinen Gesch\u00e4ftsbedingungen (AGB) gelten f\u00fcr alle Bestellungen, die Kunden \u00fcber unseren Online-Shop t\u00e4tigen. Sie regeln die Rechtsbeziehungen zwischen dem Betreiber des Online-Shops und den Kunden.<\/p><p><strong>2. Vertragspartner und Anbieterkennzeichnung<\/strong><br \/>Der Kaufvertrag kommt zustande mit:<br \/>3guys GmbH<\/p><p>Luzernstrasse 29, 4500 Solothurn<br \/>shop.3guys@gmail.com<br \/>+41 79 199 77 60<br \/>Gem\u00e4\u00df Art. 3 Abs. 1 lit. s UWG sind wir verpflichtet, klare und vollst\u00e4ndige Angaben \u00fcber unsere Identit\u00e4t und Kontaktadresse zu machen.<\/p><p><strong>3. Vertragsabschluss<\/strong><br \/>Ein Kaufvertrag gem\u00e4\u00df Art. 184 ff. OR kommt zustande, wenn der Kunde auf den Button &#8220;Kaufen&#8221; klickt. Vor dem Vertragsabschluss wird der Kunde \u00fcber die wesentlichen Punkte wie Kaufgegenstand, Kaufpreis und Vertragsabschluss informiert.<\/p><p><strong>4. Preise und Preisangaben<\/strong><br \/>Gem\u00e4\u00df der Verordnung \u00fcber die Bekanntgabe von Preisen (PBV) sind alle Preise in Schweizer Franken (CHF) inklusive Mehrwertsteuer und nicht frei w\u00e4hlbarer Zuschl\u00e4ge anzugeben. Versandkosten k\u00f6nnen separat ausgewiesen werden.<\/p><p><strong>5. Zahlungsmethoden<\/strong><br \/>Folgende Zahlungsmethoden werden angeboten:<\/p><ul data-spread=\"false\"><li><p>Kreditkarte (Visa, MasterCard)<\/p><\/li><li><p>PayPal<\/p><\/li><li>GooglePay\/ApplePay<\/li><li><p>Twint<\/p><\/li><li><p>Bank\u00fcberweisung<br \/><br \/><\/p><\/li><\/ul><p><strong>6. Lieferung und Lieferfristen<\/strong><br \/>Die Lieferung erfolgt innerhalb der Schweiz an die vom Kunden angegebene Adresse. Eine Lieferfrist kann individuell festgelegt werden.\u00a0<\/p><p><strong>7. Widerrufsrecht und R\u00fcckgabe<\/strong><br \/>Das Schweizer Recht sieht kein gesetzliches Widerrufsrecht f\u00fcr Online-K\u00e4ufe vor. Unser Online-Shop gew\u00e4hrt freiwillig ein Widerrufsrecht von 14 Tagen gem\u00e4\u00df dem Ehrenkodex von HANDELSVERBAND.swiss. Die Ware muss unbenutzt und in der Originalverpackung zur\u00fcckgesandt werden. R\u00fccksendekosten tr\u00e4gt der Kunde.<\/p><p><strong>8. Gew\u00e4hrleistung und Haftung<\/strong><br \/>Nach Art. 205 und 208 OR hat der Kunde im Falle eines Mangels Anspruch auf Vertragsr\u00fcckabwicklung oder Minderung des Kaufpreises. Eine Garantie kann vertraglich vereinbart werden.<\/p><p><strong>9. Datenschutz<\/strong><br \/>Unsere Datenschutzrichtlinien entsprechen dem Bundesgesetz \u00fcber den Datenschutz (DSG). Kundendaten werden ausschlie\u00dflich zur Vertragsabwicklung genutzt.<\/p><p><strong>10. Bestellprozess und elektronische Best\u00e4tigung<\/strong><br \/>Gem\u00e4\u00df UWG muss der Kunde w\u00e4hrend des Bestellvorgangs informiert werden, in welchem Schritt er sich befindet. Die Bestellung wird unverz\u00fcglich elektronisch best\u00e4tigt.<\/p><p><strong>11. Gerichtsstand und anwendbares Recht<\/strong><br \/>Es gilt schweizerisches Recht. Gem\u00e4\u00df den Konsumentenschutzbestimmungen kann der Kunde w\u00e4hlen, ob er an seinem Wohnsitz oder am Sitz des Verk\u00e4ufers klagt.<\/p><p><strong>12. Schlussbestimmungen<\/strong><br \/>Sollten einzelne Bestimmungen dieser AGB unwirksam sein, bleibt die G\u00fcltigkeit der \u00fcbrigen Bestimmungen unber\u00fchrt.<\/p><p><strong>Stand: 31.03.2025<\/strong><\/p>\t\t\t\t\t\t\t\t<\/div>\n\t\t\t\t<\/div>\n\t\t\t\t\t<\/div>\n\t\t<\/div>\n\t\t\t\t\t<\/div>\n\t\t<\/section>\n\t\t\t\t<\/div>\n\t\t","protected":false},"excerpt":{"rendered":"<p>Allgemeine Gesch\u00e4ftsbedingungen (AGB) 1. GeltungsbereichDiese Allgemeinen Gesch\u00e4ftsbedingungen (AGB) gelten f\u00fcr alle Bestellungen, die Kunden \u00fcber unseren Online-Shop t\u00e4tigen. Sie regeln die Rechtsbeziehungen zwischen dem Betreiber des Online-Shops und den Kunden. 2. Vertragspartner und AnbieterkennzeichnungDer Kaufvertrag kommt zustande mit:3guys GmbH Luzernstrasse 29, 4500 Solothurnshop.3guys@gmail.com+41 79 199 77 60Gem\u00e4\u00df Art. 3 Abs. 1 lit. s UWG sind [&hellip;]<\/p>\n","protected":false},"author":1,"featured_media":0,"parent":0,"menu_order":0,"comment_status":"closed","ping_status":"closed","template":"","meta":{"footnotes":""},"class_list":["post-2793","page","type-page","status-publish","hentry"],"aioseo_notices":[],"_links":{"self":[{"href":"https:\/\/bandidoswitzerland.ch\/de\/wp-json\/wp\/v2\/pages\/2793","targetHints":{"allow":["GET"]}}],"collection":[{"href":"https:\/\/bandidoswitzerland.ch\/de\/wp-json\/wp\/v2\/pages"}],"about":[{"href":"https:\/\/bandidoswitzerland.ch\/de\/wp-json\/wp\/v2\/types\/page"}],"author":[{"embeddable":true,"href":"https:\/\/bandidoswitzerland.ch\/de\/wp-json\/wp\/v2\/users\/1"}],"replies":[{"embeddable":true,"href":"https:\/\/bandidoswitzerland.ch\/de\/wp-json\/wp\/v2\/comments?post=2793"}],"version-history":[{"count":0,"href":"https:\/\/bandidoswitzerland.ch\/de\/wp-json\/wp\/v2\/pages\/2793\/revisions"}],"wp:attachment":[{"href":"https:\/\/bandidoswitzerland.ch\/de\/wp-json\/wp\/v2\/media?parent=2793"}],"curies":[{"name":"wp","href":"https:\/\/api.w.org\/{rel}","templated":true}]}}