{"id":1633,"date":"2024-05-15T08:10:58","date_gmt":"2024-05-15T08:10:58","guid":{"rendered":"https:\/\/bandidoswitzerland.ch\/?page_id=1633"},"modified":"2025-06-24T17:15:33","modified_gmt":"2025-06-24T17:15:33","slug":"umtausch-und-ruckgabe","status":"publish","type":"page","link":"https:\/\/bandidoswitzerland.ch\/de\/umtausch-und-ruckgabe\/","title":{"rendered":"Umtausch und R\u00fcckgabe"},"content":{"rendered":"\t\t<div data-elementor-type=\"wp-page\" data-elementor-id=\"1633\" class=\"elementor elementor-1633\" data-elementor-post-type=\"page\">\n\t\t\t\t\t\t<section class=\"elementor-section elementor-top-section elementor-element elementor-element-145e322 elementor-section-boxed elementor-section-height-default elementor-section-height-default\" data-id=\"145e322\" data-element_type=\"section\" data-e-type=\"section\">\n\t\t\t\t\t\t<div class=\"elementor-container elementor-column-gap-default\">\n\t\t\t\t\t<div class=\"elementor-column elementor-col-33 elementor-top-column elementor-element elementor-element-d05b5c0\" data-id=\"d05b5c0\" data-element_type=\"column\" data-e-type=\"column\">\n\t\t\t<div class=\"elementor-widget-wrap elementor-element-populated\">\n\t\t\t\t\t\t<div class=\"elementor-element elementor-element-6995a03 elementor-nav-menu__align-start elementor-nav-menu--dropdown-none elementor-widget elementor-widget-nav-menu\" data-id=\"6995a03\" data-element_type=\"widget\" data-e-type=\"widget\" data-settings=\"{&quot;layout&quot;:&quot;vertical&quot;,&quot;submenu_icon&quot;:{&quot;value&quot;:&quot;&lt;i class=\\&quot;fas fa-caret-down\\&quot;&gt;&lt;\\\/i&gt;&quot;,&quot;library&quot;:&quot;fa-solid&quot;}}\" data-widget_type=\"nav-menu.default\">\n\t\t\t\t<div class=\"elementor-widget-container\">\n\t\t\t\t\t\t\t\t<nav aria-label=\"Menu\" class=\"elementor-nav-menu--main elementor-nav-menu__container elementor-nav-menu--layout-vertical e--pointer-underline e--animation-fade\">\n\t\t\t\t<ul id=\"menu-1-6995a03\" class=\"elementor-nav-menu sm-vertical\"><li class=\"menu-item menu-item-type-post_type menu-item-object-page menu-item-392\"><a href=\"https:\/\/bandidoswitzerland.ch\/de\/kontakt\/\" class=\"elementor-item\">Kontakt<\/a><\/li>\n<li class=\"menu-item menu-item-type-post_type menu-item-object-page menu-item-394\"><a href=\"https:\/\/bandidoswitzerland.ch\/de\/zahlungsarten\/\" class=\"elementor-item\">Zahlungsarten<\/a><\/li>\n<li class=\"menu-item menu-item-type-post_type menu-item-object-page menu-item-2474\"><a href=\"https:\/\/bandidoswitzerland.ch\/de\/umtausch-und-ruckgabe\/\" class=\"elementor-item\">Umtausch und R\u00fcckgabe<\/a><\/li>\n<li class=\"menu-item menu-item-type-post_type menu-item-object-page menu-item-391\"><a href=\"https:\/\/bandidoswitzerland.ch\/de\/haufig-gestellte-fragen\/\" class=\"elementor-item\">H\u00e4ufig gestellte Fragen<\/a><\/li>\n<li class=\"menu-item menu-item-type-post_type menu-item-object-page menu-item-393\"><a href=\"https:\/\/bandidoswitzerland.ch\/de\/unsere-kunden\/\" class=\"elementor-item\">Unsere Kunden<\/a><\/li>\n<li class=\"menu-item menu-item-type-post_type menu-item-object-page menu-item-2473\"><a href=\"https:\/\/bandidoswitzerland.ch\/de\/uber-uns\/\" class=\"elementor-item\">\u00dcber uns<\/a><\/li>\n<li class=\"menu-item menu-item-type-post_type menu-item-object-page menu-item-2775\"><a href=\"https:\/\/bandidoswitzerland.ch\/de\/kontakt\/impressum\/\" class=\"elementor-item\">Impressum<\/a><\/li>\n<li class=\"menu-item menu-item-type-post_type menu-item-object-page menu-item-2798\"><a href=\"https:\/\/bandidoswitzerland.ch\/de\/agb\/\" class=\"elementor-item\">AGB<\/a><\/li>\n<\/ul>\t\t\t<\/nav>\n\t\t\t\t\t\t<nav class=\"elementor-nav-menu--dropdown elementor-nav-menu__container\" aria-hidden=\"true\">\n\t\t\t\t<ul id=\"menu-2-6995a03\" class=\"elementor-nav-menu sm-vertical\"><li class=\"menu-item menu-item-type-post_type menu-item-object-page menu-item-392\"><a href=\"https:\/\/bandidoswitzerland.ch\/de\/kontakt\/\" class=\"elementor-item\" tabindex=\"-1\">Kontakt<\/a><\/li>\n<li class=\"menu-item menu-item-type-post_type menu-item-object-page menu-item-394\"><a href=\"https:\/\/bandidoswitzerland.ch\/de\/zahlungsarten\/\" class=\"elementor-item\" tabindex=\"-1\">Zahlungsarten<\/a><\/li>\n<li class=\"menu-item menu-item-type-post_type menu-item-object-page menu-item-2474\"><a href=\"https:\/\/bandidoswitzerland.ch\/de\/umtausch-und-ruckgabe\/\" class=\"elementor-item\" tabindex=\"-1\">Umtausch und R\u00fcckgabe<\/a><\/li>\n<li class=\"menu-item menu-item-type-post_type menu-item-object-page menu-item-391\"><a href=\"https:\/\/bandidoswitzerland.ch\/de\/haufig-gestellte-fragen\/\" class=\"elementor-item\" tabindex=\"-1\">H\u00e4ufig gestellte Fragen<\/a><\/li>\n<li class=\"menu-item menu-item-type-post_type menu-item-object-page menu-item-393\"><a href=\"https:\/\/bandidoswitzerland.ch\/de\/unsere-kunden\/\" class=\"elementor-item\" tabindex=\"-1\">Unsere Kunden<\/a><\/li>\n<li class=\"menu-item menu-item-type-post_type menu-item-object-page menu-item-2473\"><a href=\"https:\/\/bandidoswitzerland.ch\/de\/uber-uns\/\" class=\"elementor-item\" tabindex=\"-1\">\u00dcber uns<\/a><\/li>\n<li class=\"menu-item menu-item-type-post_type menu-item-object-page menu-item-2775\"><a href=\"https:\/\/bandidoswitzerland.ch\/de\/kontakt\/impressum\/\" class=\"elementor-item\" tabindex=\"-1\">Impressum<\/a><\/li>\n<li class=\"menu-item menu-item-type-post_type menu-item-object-page menu-item-2798\"><a href=\"https:\/\/bandidoswitzerland.ch\/de\/agb\/\" class=\"elementor-item\" tabindex=\"-1\">AGB<\/a><\/li>\n<\/ul>\t\t\t<\/nav>\n\t\t\t\t\t\t<\/div>\n\t\t\t\t<\/div>\n\t\t\t\t\t<\/div>\n\t\t<\/div>\n\t\t\t\t<div class=\"elementor-column elementor-col-66 elementor-top-column elementor-element elementor-element-7b05de6\" data-id=\"7b05de6\" data-element_type=\"column\" data-e-type=\"column\">\n\t\t\t<div class=\"elementor-widget-wrap elementor-element-populated\">\n\t\t\t\t\t\t<div class=\"elementor-element elementor-element-b16ff2f elementor-widget elementor-widget-text-editor\" data-id=\"b16ff2f\" data-element_type=\"widget\" data-e-type=\"widget\" data-widget_type=\"text-editor.default\">\n\t\t\t\t<div class=\"elementor-widget-container\">\n\t\t\t\t\t\t\t\t\t<h3><span style=\"color: #000000;\"><strong>Umtausch und R\u00fcckgabe<\/strong><\/span><\/h3><p><span style=\"color: #000000;\">In unserem 3guys-Shop sind wir bestrebt, unseren Kunden ein H\u00f6chstmass an Komfort und Zufriedenheit mit ihren Eink\u00e4ufen zu bieten. Wir garantieren, dass alle notwendigen Bedingungen und Regeln f\u00fcr die R\u00fcckgabe von Waren eingehalten werden, damit Sie unsere Dienstleistungen mit vollem Vertrauen nutzen k\u00f6nnen.<\/span><\/p><p><em><span style=\"color: #000000;\">Kategorien von Waren und R\u00fcckgabebedingungen<\/span><\/em><\/p><ul><li><span style=\"text-decoration: underline;\"><span style=\"color: #000000;\"><strong><em>Waren von guter Qualit\u00e4t: <\/em><\/strong><\/span><\/span><\/li><\/ul><p><span style=\"color: #000000;\">&#8211; Im Falle eines ungeeigneten Produkts, das Sie gekauft haben, haben Sie das Recht, es innerhalb von 14 Tagen nach dem Kauf zur\u00fcckzugeben.<\/span><\/p><ul><li><span style=\"text-decoration: underline;\"><span style=\"color: #000000;\"><strong>Waren von unzureichender Qualit\u00e4t: <\/strong><\/span><\/span><\/li><\/ul><p><span style=\"color: #000000;\">&#8211; Wenn das Produkt, das Sie erhalten haben, defekt ist oder nicht den angegebenen Spezifikationen entspricht, wenden Sie sich bitte innerhalb von 7 Tagen nach Erhalt des Produkts an unseren Kundendienst.<\/span><\/p><p><span style=\"color: #000000;\">&#8211; Die R\u00fccksendung solcher Waren wird nach geltendem Recht bearbeitet.<\/span><\/p><p><span style=\"text-decoration: underline;\"><span style=\"color: #000000;\"><strong>R\u00fcckgabeprozess<\/strong><\/span><\/span><\/p><p><span style=\"color: #000000;\">Bevor Sie ein Produkt zur\u00fccksenden, wenden Sie sich bitte an unsere Kundendienstabteilung, um Anweisungen zu erhalten und ein R\u00fcckgabeformular auszuf\u00fcllen.<\/span><\/p><p><span style=\"color: #000000;\">Wir werden Ihnen alle notwendigen Informationen zur Verf\u00fcgung stellen und Sie bei der Abwicklung Ihrer R\u00fccksendung unterst\u00fctzen.<\/span><\/p><p><span style=\"text-decoration: underline;\"><span style=\"color: #000000;\"><strong>R\u00fccklieferungsstelle<\/strong><\/span><\/span><\/p><p><span style=\"color: #000000;\">Wo Sie Ihre Waren zur\u00fcckgeben k\u00f6nnen, entnehmen Sie bitte den Anweisungen unseres Kundendienstteams. Bitte wenden Sie sich an unser Servicecenter, um eine spezifische R\u00fccksendeadresse zu erhalten.<\/span><\/p><h5><span style=\"text-decoration: underline;\"><span style=\"color: #000000;\"><strong>R\u00fcckerstattungspolitik<\/strong><\/span><\/span><\/h5><p><span style=\"color: #000000;\">Nach Erhalt der zur\u00fcckgesandten Waren und deren Pr\u00fcfung gem\u00e4\u00df den R\u00fcckgabebedingungen bearbeiten wir die R\u00fcckgabe innerhalb von f\u00fcnf Werktagen.<\/span><\/p><h5><span style=\"text-decoration: underline;\"><span style=\"color: #000000;\"><strong>Kosten f\u00fcr den Versand<\/strong><\/span><\/span><\/h5><p data-start=\"129\" data-end=\"389\"><span style=\"color: #000000;\">Falls Sie mit einem Produkt nicht zufrieden sind, k\u00f6nnen Sie es innerhalb von \u00a014 Tagen nach Erhalt an uns zur\u00fccksenden. Bitte beachten Sie, dass die Kosten f\u00fcr die R\u00fccksendung in diesem Fall von Ihnen als K\u00e4ufer getragen werden.<\/span><\/p><p data-start=\"391\" data-end=\"574\"><span style=\"color: #000000;\">Die Ware muss unbenutzt, unbesch\u00e4digt zur\u00fcckgeschickt werden. Bitte bewahren Sie den Versandnachweis auf, bis die R\u00fcckerstattung erfolgt ist.<\/span><\/p><p data-start=\"576\" data-end=\"827\">\u00a0<\/p>\t\t\t\t\t\t\t\t<\/div>\n\t\t\t\t<\/div>\n\t\t\t\t\t<\/div>\n\t\t<\/div>\n\t\t\t\t\t<\/div>\n\t\t<\/section>\n\t\t\t\t<\/div>\n\t\t","protected":false},"excerpt":{"rendered":"<p>Umtausch und R\u00fcckgabe In unserem 3guys-Shop sind wir bestrebt, unseren Kunden ein H\u00f6chstmass an Komfort und Zufriedenheit mit ihren Eink\u00e4ufen zu bieten. Wir garantieren, dass alle notwendigen Bedingungen und Regeln f\u00fcr die R\u00fcckgabe von Waren eingehalten werden, damit Sie unsere Dienstleistungen mit vollem Vertrauen nutzen k\u00f6nnen. Kategorien von Waren und R\u00fcckgabebedingungen Waren von guter Qualit\u00e4t: [&hellip;]<\/p>\n","protected":false},"author":1,"featured_media":0,"parent":0,"menu_order":0,"comment_status":"closed","ping_status":"closed","template":"","meta":{"footnotes":""},"class_list":["post-1633","page","type-page","status-publish","hentry"],"aioseo_notices":[],"_links":{"self":[{"href":"https:\/\/bandidoswitzerland.ch\/de\/wp-json\/wp\/v2\/pages\/1633","targetHints":{"allow":["GET"]}}],"collection":[{"href":"https:\/\/bandidoswitzerland.ch\/de\/wp-json\/wp\/v2\/pages"}],"about":[{"href":"https:\/\/bandidoswitzerland.ch\/de\/wp-json\/wp\/v2\/types\/page"}],"author":[{"embeddable":true,"href":"https:\/\/bandidoswitzerland.ch\/de\/wp-json\/wp\/v2\/users\/1"}],"replies":[{"embeddable":true,"href":"https:\/\/bandidoswitzerland.ch\/de\/wp-json\/wp\/v2\/comments?post=1633"}],"version-history":[{"count":0,"href":"https:\/\/bandidoswitzerland.ch\/de\/wp-json\/wp\/v2\/pages\/1633\/revisions"}],"wp:attachment":[{"href":"https:\/\/bandidoswitzerland.ch\/de\/wp-json\/wp\/v2\/media?parent=1633"}],"curies":[{"name":"wp","href":"https:\/\/api.w.org\/{rel}","templated":true}]}}