{"id":1242,"date":"2023-10-15T18:42:36","date_gmt":"2023-10-15T18:42:36","guid":{"rendered":"https:\/\/bandidoswitzerland.ch\/?page_id=1242"},"modified":"2024-05-15T08:08:54","modified_gmt":"2024-05-15T08:08:54","slug":"datenschutzerklaerung","status":"publish","type":"page","link":"https:\/\/bandidoswitzerland.ch\/de\/datenschutzerklaerung\/","title":{"rendered":"Datenschutzerkl\u00e4rung"},"content":{"rendered":"\t\t<div data-elementor-type=\"wp-page\" data-elementor-id=\"1242\" class=\"elementor elementor-1242\" data-elementor-post-type=\"page\">\n\t\t\t\t\t\t<section class=\"elementor-section elementor-top-section elementor-element elementor-element-6671513c elementor-section-boxed elementor-section-height-default elementor-section-height-default\" data-id=\"6671513c\" data-element_type=\"section\" data-e-type=\"section\">\n\t\t\t\t\t\t<div class=\"elementor-container elementor-column-gap-default\">\n\t\t\t\t\t<div class=\"elementor-column elementor-col-100 elementor-top-column elementor-element elementor-element-2dc6bb75\" data-id=\"2dc6bb75\" data-element_type=\"column\" data-e-type=\"column\">\n\t\t\t<div class=\"elementor-widget-wrap elementor-element-populated\">\n\t\t\t\t\t\t<div class=\"elementor-element elementor-element-55a422fb elementor-widget elementor-widget-text-editor\" data-id=\"55a422fb\" data-element_type=\"widget\" data-e-type=\"widget\" data-widget_type=\"text-editor.default\">\n\t\t\t\t<div class=\"elementor-widget-container\">\n\t\t\t\t\t\t\t\t\t\n<p><strong>Benutzervereinbarung<\/strong><\/p>\n\n<p><strong>Regeln f\u00fcr die Verarbeitung und Sicherheit personenbezogener Daten in den Datenbanken des Verk\u00e4ufers<\/strong><\/p>\n\n<p><strong>Inhalts\u00fcbersicht<\/strong><\/p>\n\n<ol class=\"wp-block-list\">\n<li>Worum geht es in diesem Datenschutzhinweis?<\/li>\n\n<li>Wer ist f\u00fcr die Datenverarbeitung verantwortlich?<\/li>\n\n<li>F\u00fcr wen ist dieser Datenschutzhinweis bestimmt?<\/li>\n\n<li>Welche personenbezogenen Daten verarbeiten wir?<\/li>\n\n<li>Woher kommen die personenbezogenen Daten?<\/li>\n\n<li>Zu welchen Zwecken verarbeiten wir personenbezogene Daten?<\/li>\n\n<li>Was ist die Rechtsgrundlage f\u00fcr die Verarbeitung personenbezogener Daten?<\/li>\n\n<li>Wie verarbeiten wir sensible personenbezogene Daten?<\/li>\n\n<li>Wie sch\u00fctzen wir personenbezogene Daten?<\/li>\n\n<li>Wie lange verarbeiten wir personenbezogene Daten?<\/li>\n\n<li>Welche Rechte haben Sie in Bezug auf die Verarbeitung Ihrer personenbezogenen Daten?<\/li>\n\n<li>Wie k\u00f6nnen Sie uns kontaktieren?<\/li>\n<\/ol>\n\n<p>\u00a0<\/p>\n<p><strong>1. Worum geht es in diesem Datenschutzhinweis?<\/strong><\/p>\n\n<p>Der Schutz personenbezogener Daten beruht auf Vertrauen, und wir wissen Ihr Vertrauen sehr zu sch\u00e4tzen. In diesem Datenschutzhinweis erl\u00e4utern wir die Methoden und Gr\u00fcnde f\u00fcr die Erfassung, Verarbeitung und Nutzung Ihrer pers\u00f6nlichen Daten.<\/p>\n\n<p>In diesem Datenschutzhinweis finden Sie unter anderem folgende Informationen:<\/p>\n\n<ul class=\"wp-block-list\">\n<li>Die Art der personenbezogenen Daten, die wir sammeln und verarbeiten.<\/li>\n\n<li>Die Ziele, f\u00fcr die wir Ihre pers\u00f6nlichen Daten verwenden.<\/li>\n\n<li>Die zum Zugriff auf Ihre pers\u00f6nlichen Daten berechtigten Parteien.<\/li>\n\n<li>Die Vorteile, die unsere Datenverarbeitung f\u00fcr Sie bringt.<\/li>\n\n<li>Die Dauer, f\u00fcr die wir Ihre personenbezogenen Daten verarbeiten.<\/li>\n\n<li>Ihre Rechte in Bezug auf Ihre pers\u00f6nlichen Daten.<\/li>\n\n<li>Die Mittel, mit denen Sie uns erreichen k\u00f6nnen.<\/li>\n<\/ul>\n\n<p>Dieser Datenschutzhinweis basiert sowohl auf dem Schweizerischen Datenschutzgesetz als auch auf der Allgemeinen Datenschutzverordnung (GDPR) der Europ\u00e4ischen Union. Die GDPR hat sich zu einem weltweiten Ma\u00dfstab f\u00fcr strengen Datenschutz entwickelt. Dennoch variiert die Anwendbarkeit der GDPR je nach den individuellen Umst\u00e4nden.<\/p>\n\n<p><strong>2. Wer ist f\u00fcr die Datenverarbeitung verantwortlich?<\/strong><\/p>\n\n<p>Gem\u00e4\u00df den Datenschutzbestimmungen liegt die Verantwortung f\u00fcr den Umgang mit Daten bei dem Unternehmen, das entscheidet, ob ein solcher Umgang stattfinden soll, warum er stattfinden soll und wie er eingerichtet werden soll.<\/p>\n\n<p><strong>3. F\u00fcr wen ist dieser Datenschutzhinweis bestimmt?<\/strong><\/p>\n\n<p>Diese Datenschutzerkl\u00e4rung gilt f\u00fcr jede Person, deren Daten wir verarbeiten (im Folgenden als &#8220;Sie&#8221; bezeichnet), unabh\u00e4ngig von der Methode, mit der Sie mit uns in Kontakt treten (z. B. \u00fcber einen Online-Shop, auf einer Webseite, innerhalb einer Anwendung, an einem physischen Ort, per Telefon, \u00fcber eine Social-Media-Plattform, w\u00e4hrend einer Veranstaltung usw.). Sie umfasst den Umgang mit bestehenden und potenziellen personenbezogenen Daten.<\/p>\n\n<p>Unser Umgang mit Daten kann sich speziell auf die folgenden Personengruppen auswirken, wenn wir ihre personenbezogenen Daten verarbeiten:<\/p>\n\n<ul class=\"wp-block-list\">\n<li>Besucher unserer Websites;<\/li>\n\n<li>Inhaber eines Kundenkontos;<\/li>\n\n<li>Kunden in unseren Online-Shops und Filialen;<\/li>\n\n<li>H\u00e4ndler, die Produkte und Dienstleistungen \u00fcber unsere Online-Shops anbieten;<\/li>\n\n<li>Andere Personen, die unsere Dienste nutzen oder mit unseren Angeboten in Kontakt kommen;<\/li>\n\n<li>Nutzer unserer Online-Angebote und Apps;<\/li>\n\n<li>Personen, die uns schreiben oder uns auf andere Weise kontaktieren;<\/li>\n\n<li>Empf\u00e4nger von Informationen und Marketingmitteilungen.<\/li>\n<\/ul>\n\n<p>\u00a0<\/p>\n<p><strong>4. Welche personenbezogenen Daten verarbeiten wir?<\/strong><\/p>\n\n<p>&#8220;Pers\u00f6nliche Informationen&#8221; sind Daten, die mit einer Person in Verbindung gebracht werden k\u00f6nnen. Wir verarbeiten verschiedene Arten dieser personenbezogenen Daten. Die wichtigsten Arten sind unten aufgef\u00fchrt, um Ihnen das Verst\u00e4ndnis zu erleichtern. Dennoch kann es F\u00e4lle geben, in denen wir mit weiteren personenbezogenen Daten arbeiten.<\/p>\n\n<p><strong>4.1 Stammdaten<\/strong><\/p>\n\n<p>Zu den Stammdaten geh\u00f6ren die grundlegenden Informationen \u00fcber Sie, wie z.B. Ihre Begr\u00fc\u00dfung, Ihre Identit\u00e4t, Ihre Kontaktinformationen oder Ihr Geburtsdatum. Stammdaten erheben wir insbesondere, wenn Sie ein Kundenprofil bei 3guys anlegen. Dar\u00fcber hinaus erheben wir Stammdaten, wenn Sie z.B. an einem Gewinnspiel oder einer Verlosung teilnehmen oder sich f\u00fcr einen Newsletter anmelden.<\/p>\n\n<p>Die Instanzen der Stammdaten umfassen:<\/p>\n\n<ul class=\"wp-block-list\">\n<li>Gr\u00fc\u00dfe, Vorname, Nachname, Geschlecht, Geburtsdatum;<\/li>\n\n<li>Wohnsitz, E-Mail-Adresse, Telefonnummer und alternative M\u00f6glichkeiten der Kontaktaufnahme;<\/li>\n\n<li>Kundenidentifikatoren (z. B. die von Personen, die an einem Pr\u00e4miensystem teilnehmen);<\/li>\n\n<li>Transaktionsdaten (wie gespeicherte Zahlungsmethoden, Bankinformationen, Rechnungsadresse); Benutzerhandbuch und Avatar;<\/li>\n\n<li>Angaben zu verbundenen Websites, Profilen in sozialen Medien usw.;<\/li>\n\n<li>Datum und Uhrzeit der Anmeldungen.<\/li>\n<\/ul>\n\n<p>\u00a0<\/p>\n<p><strong>4.2 Kommunikationsdaten<\/strong><\/p>\n\n<p>Wenn es zu einer Interaktion zwischen uns kommt oder wenn einer von uns sich meldet, z. B. wenn Sie sich an den Kundendienst wenden, uns eine Nachricht schicken oder uns anrufen, verarbeiten wir die w\u00e4hrend des Gespr\u00e4chs ausgetauschten Informationen sowie Angaben dar\u00fcber, wann und wo es stattgefunden hat. Manchmal m\u00fcssen wir auch Ihre Identit\u00e4t best\u00e4tigen.<\/p>\n\n<p>Was wir mit Kommunikationsdaten meinen, erfahren Sie hier:<\/p>\n\n<ul class=\"wp-block-list\">\n<li>Ihren Namen und Kontaktm\u00f6glichkeiten wie Ihre Adresse, E-Mail-Adresse oder Telefonnummer;<\/li>\n\n<li>was in E-Mails, Briefen, Chats, Beitr\u00e4gen in sozialen Medien, Website-Kommentaren, Telefonaten, Videochats usw. besprochen wird;<\/li>\n\n<li>Ihre Antworten auf Umfragen \u00fcber Ihre Erfahrungen mit uns;<\/li>\n\n<li>Angaben dar\u00fcber, wann und manchmal auch wo die Kommunikation stattgefunden hat;<\/li>\n\n<li>Best\u00e4tigung Ihrer Identit\u00e4t, z. B. durch Vorlage von Kopien amtlicher Ausweise;<\/li>\n\n<li>andere relevante Kommunikationsdetails.<\/li>\n<\/ul>\n\n<p>Wenn Sie mit uns am Telefon oder in einem Videoanruf sprechen, zeichnen wir das Gespr\u00e4ch m\u00f6glicherweise auf; wir informieren Sie dar\u00fcber, bevor wir beginnen. Wenn Sie es vorziehen, dass wir nicht aufzeichnen, k\u00f6nnen Sie das Gespr\u00e4ch jederzeit beenden und uns per E-Mail oder \u00fcber eine andere Methode kontaktieren.<\/p>\n\n<p><strong>4.3 Transaktions- und verhaltensbezogene Daten<\/strong><\/p>\n\n<p>Wenn Sie Transaktionen mit unserem Unternehmen durchf\u00fchren, unsere Werbeaktionen und Ressourcen nutzen oder unsere Dienstleistungen in Anspruch nehmen, sammeln wir routinem\u00e4\u00dfig Informationen \u00fcber diese Aktivit\u00e4ten. Dies geschieht beispielsweise, wenn Sie ein Produkt in unserem Online-Shop kaufen oder wenn Sie durch unsere Web-Plattformen navigieren.<\/p>\n\n<p><strong>4.4 Pr\u00e4ferenzdaten<\/strong><\/p>\n\n<p>Wir sind bestrebt, unsere Angebote und Dienstleistungen mit gr\u00f6\u00dftm\u00f6glicher Effizienz auf unsere Kundschaft abzustimmen. Daher analysieren wir auch Informationen \u00fcber Ihre Interessen und Neigungen. Um dies zu erreichen, k\u00f6nnen wir Transaktions- und Verhaltensdaten mit anderen Datens\u00e4tzen zusammenf\u00fchren und sie sowohl pers\u00f6nlich als auch unpers\u00f6nlich untersuchen. So k\u00f6nnen wir auf Eigenschaften, Vorlieben und wahrscheinliche Handlungen schlie\u00dfen, z. B. auf Ihre Vorliebe f\u00fcr bestimmte Produkte und Dienstleistungen.<\/p>\n\n<p>Insbesondere k\u00f6nnten wir Segmente bilden (entweder dauerhaft oder situativ), die Gruppen von Personen abgrenzen, die sich in bestimmten Merkmalen \u00e4hneln. Die Pr\u00e4ferenzinformationen k\u00f6nnten entweder individuell (z. B. zur Bereitstellung personalisierter Werbung) oder in aggregierter Form (z. B. f\u00fcr Marktanalysen oder Produktverbesserungen) genutzt werden.<\/p>\n\n<p><strong>5. Woher kommen die personenbezogenen Daten?<\/strong><\/p>\n\n<p><strong>5.1 Bereitgestellte Daten<\/strong><\/p>\n\n<p>H\u00e4ufig teilen Sie uns Ihre pers\u00f6nlichen Daten direkt mit, z. B. wenn Sie uns Daten \u00fcbermitteln oder mit uns interagieren. Insbesondere Angaben wie Ihr Name, Ihre Zustimmung und Kommunikationsdaten werden in der Regel von Ihnen bereitgestellt. Au\u00dferdem \u00fcbernehmen Sie oft die Verantwortung f\u00fcr die Offenlegung Ihrer Pr\u00e4ferenzen.<\/p>\n\n<p>In den folgenden F\u00e4llen stellen Sie uns beispielsweise Ihre pers\u00f6nlichen Daten zur Verf\u00fcgung:<\/p>\n\n<ul class=\"wp-block-list\">\n<li>Erstellung eines Kundenkontos;<\/li>\n\n<li>sich an unseren Kundendienst zu wenden.<\/li>\n<\/ul>\n\n<p>Die Angabe personenbezogener Daten ist in den meisten F\u00e4llen freiwillig, d. h. Sie sind im Allgemeinen nicht verpflichtet, sie uns mitzuteilen. Dennoch m\u00fcssen wir die f\u00fcr die Abwicklung von Vertragsangelegenheiten und die Erf\u00fcllung rechtlicher Anforderungen erforderlichen personenbezogenen Daten erheben und verarbeiten. Dazu geh\u00f6ren wesentliche Informationen wie Identit\u00e4ts- und Vertragsdaten, ohne die wir den jeweiligen Vertrag nicht abwickeln oder aufrechterhalten k\u00f6nnen.<\/p>\n\n<p><strong>5.2 Gesammelte Daten<\/strong><\/p>\n\n<p>Wir k\u00f6nnen manuell oder automatisch Informationen \u00fcber Sie sammeln, z. B. wenn Sie Artikel bei uns kaufen, unsere Angebote in Anspruch nehmen oder unsere Dienstleistungen nutzen. Dies umfasst in der Regel Verhaltens- und Transaktionsdaten sowie technische Details (z. B. Ihre Besuchszeiten auf der Website).<\/p>\n\n<p>Zum Beispiel sammeln wir Ihre pers\u00f6nlichen Daten auf folgende Weise:<\/p>\n\n<ul class=\"wp-block-list\">\n<li>eine Bestellung in unserem Webshop aufgeben.<\/li>\n\n<li>einen Link in unseren Newslettern anklicken oder auf unsere digitalen Werbeinhalte zugreifen.<\/li>\n<\/ul>\n\n<p>Dar\u00fcber hinaus k\u00f6nnen wir pers\u00f6nliche Daten aus vorhandenen Informationen ableiten, z. B. durch die Analyse von Transaktions- und Verhaltensmustern. Solche abgeleiteten pers\u00f6nlichen Daten umfassen h\u00e4ufig Pr\u00e4ferenzinformationen.<\/p>\n\n<p><strong>6. Zu welchen Zwecken verarbeiten wir personenbezogene Daten?<\/strong><\/p>\n\n<p><strong>6.1 Kommunikation<\/strong><\/p>\n\n<p>Wir m\u00f6chten mit Ihnen in Verbindung bleiben und auf Ihre speziellen Bed\u00fcrfnisse eingehen. Daher verarbeiten wir personenbezogene Daten unter anderem, um mit Ihnen in Dialog zu treten, Anfragen zu beantworten und Kundenbetreuung zu leisten. Zu diesem Zweck verwenden wir insbesondere Kommunikations- und Prim\u00e4rdaten sowie vertragliche Details, wenn die Kommunikation einen Vertrag betrifft. Dar\u00fcber hinaus k\u00f6nnen wir den Inhalt und den Zeitpunkt der Nachrichten\u00fcbermittlung auf der Grundlage von Aktionen, Transaktionen, Pr\u00e4ferenzen und anderen Daten anpassen.<\/p>\n\n<p><strong>6.2 Vertragsdurchf\u00fchrung<\/strong><\/p>\n\n<p>Unser Ziel ist es, Ihnen einen erstklassigen Service zu bieten. Daher verarbeiten wir personenbezogene Daten im Zusammenhang mit der Anbahnung, Verwaltung und Ausf\u00fchrung vertraglicher Verpflichtungen. Dazu geh\u00f6ren Aufgaben wie der Versand von Bestellungen, die Erbringung von Dienstleistungen, die Lieferung von Waren oder Dienstleistungen, die Pflege unserer Communities, die Durchf\u00fchrung von Kundenbindungsprogrammen, die Durchf\u00fchrung von Gewinnspielen sowie vereinbarte personalisierte Dienstleistungen. Zu diesem Zweck nutzen wir verschiedene Arten von Daten, darunter Stammdaten, Vertragsdetails, Kommunikationshistorie, Transaktions- und Verhaltenseinblicke sowie Pr\u00e4ferenzen.<\/p>\n\n<p>Das Hauptziel der Vertragsabwicklung umfasst alle Handlungen, die f\u00fcr den Abschluss, die Durchf\u00fchrung und gegebenenfalls die Durchsetzung eines Vertrags erforderlich sind.<\/p>\n\n<p><strong>6.3 Information und Marketing<\/strong><\/p>\n\n<p>Unser Ziel ist es, Ihnen attraktive Angebote zu machen. Daher verarbeiten wir personenbezogene Daten zur Verwaltung von Beziehungen und f\u00fcr Marketingzwecke. Dazu geh\u00f6rt, dass wir Ihnen sowohl schriftliche als auch digitale Nachrichten und Angebote zusenden und Marketinginitiativen durchf\u00fchren. Diese Nachrichten und Angebote k\u00f6nnen ma\u00dfgeschneidert sein, um sicherzustellen, dass sie haupts\u00e4chlich f\u00fcr Sie relevante Inhalte enthalten. Um dies zu erreichen, verwenden wir in erster Linie verschiedene Arten von Daten, wie z. B. grundlegende Informationen, Vertragsdetails, Kommunikationsaufzeichnungen, Transaktionshistorie, Verhaltensmuster und individuelle Pr\u00e4ferenzen.<\/p>\n\n<p><strong>6.4 Einhaltung gesetzlicher Vorschriften<\/strong><\/p>\n\n<p>Wir sind bestrebt, die Grundlagen f\u00fcr die Einhaltung der gesetzlichen Vorschriften zu schaffen. Daher verarbeiten wir auch personenbezogene Daten, um rechtlichen Verpflichtungen nachzukommen und um Verst\u00f6\u00dfe zu verhindern und aufzudecken. Beispiele hierf\u00fcr sind die Entgegennahme und Bearbeitung von Beschwerden und anderen Mitteilungen, die Befolgung von gerichtlichen und beh\u00f6rdlichen Anordnungen, Ma\u00dfnahmen zur Aufdeckung und Untersuchung von Missbrauch sowie die rechtsverbindliche Speicherung von Metadaten.<\/p>\n\n<p><strong>6.5 Wahrung der Rechte<\/strong><\/p>\n\n<p>Unser Ziel ist es, unsere Rechte zu verteidigen und uns gegen die Anspr\u00fcche anderer zu wehren. Daher verarbeiten wir auch personenbezogene Daten zur Rechtsverteidigung, z. B. zur gerichtlichen und au\u00dfergerichtlichen Geltendmachung von Anspr\u00fcchen, vor Beh\u00f6rden in der Schweiz und im Ausland, oder zur Abwehr von Anspr\u00fcchen. Je nach Situation verarbeiten wir verschiedene Kategorien von Personendaten, wie z.B. Kontaktinformationen und Angaben zu Ereignissen, die zu einem Streitfall gef\u00fchrt haben oder f\u00fchren k\u00f6nnen.<\/p>\n\n<p><strong>7. Was ist die Rechtsgrundlage f\u00fcr die Verarbeitung personenbezogener Daten?<\/strong><\/p>\n\n<p>Unsere Verarbeitung personenbezogener Daten st\u00fctzt sich auf verschiedene Rechtsgrundlagen, je nachdem, welcher Zweck hinter der Datenverarbeitung steht. Beispielsweise k\u00f6nnen wir personenbezogene Daten verarbeiten, wenn dies f\u00fcr die Erf\u00fcllung eines Vertrags mit der betreffenden Person oder f\u00fcr Handlungen, die einem Vertrag vorausgehen (z. B. die Bewertung eines Vertragsantrags), erforderlich ist. Alternativ k\u00f6nnen wir die Datenverarbeitung vornehmen, wenn sie f\u00fcr die Verfolgung berechtigter Interessen unerl\u00e4sslich ist, z. B. wenn die Datenverarbeitung integraler Bestandteil unserer Gesch\u00e4ftsabl\u00e4ufe ist. Wir k\u00f6nnen die Datenverarbeitung auch aufgrund einer ausdr\u00fccklichen Einwilligung vornehmen oder wenn sie durch schweizerische und internationale gesetzliche Vorschriften vorgeschrieben ist.<\/p>\n\n<p><strong>8. Wie verarbeiten wir sensible personenbezogene Daten?<\/strong><\/p>\n\n<p>Bestimmte Kategorien personenbezogener Daten fallen als sensibel in den Anwendungsbereich der Datenschutzbestimmungen, wie z. B. Angaben \u00fcber die Gesundheit und biometrische Merkmale. Je nach Situation k\u00f6nnen die in Abschnitt 4 genannten Arten personenbezogener Daten auch solche sensiblen Daten umfassen. In der Regel verarbeiten wir sensible personenbezogene Daten jedoch nur dann, wenn sie f\u00fcr die Erbringung einer Dienstleistung unerl\u00e4sslich sind, wenn Sie sie uns freiwillig zur Verf\u00fcgung gestellt haben oder wenn Sie Ihre Zustimmung zu einer solchen Verarbeitung gegeben haben. Wir k\u00f6nnen sensible personenbezogene Daten auch verarbeiten, wenn dies zur Wahrung von Rechten oder zur Einhaltung schweizerischer oder ausl\u00e4ndischer Rechtsvorschriften erforderlich ist, wenn die betreffenden Daten von der betroffenen Person eindeutig \u00f6ffentlich gemacht wurden oder wenn das Gesetz ihre Verarbeitung unter anderen Umst\u00e4nden erlaubt.<\/p>\n\n<p><strong>9. Wie sch\u00fctzen wir personenbezogene Daten?<\/strong><\/p>\n\n<p>Wir setzen geeignete technische und organisatorische Sicherheitsprotokolle ein, um Ihre personenbezogenen Daten zu sch\u00fctzen, Sie vor unbefugter oder unrechtm\u00e4\u00dfiger Verarbeitung zu bewahren und die Risiken von Verlust, unbeabsichtigten \u00c4nderungen, versehentlicher Offenlegung oder unbefugtem Zugriff zu mindern. Dennoch k\u00f6nnen wir, wie andere Unternehmen auch, die M\u00f6glichkeit von Verletzungen der Datensicherheit nicht v\u00f6llig ausschlie\u00dfen; gewisse Restrisiken sind unvermeidlich.<\/p>\n\n<p>Zu den technischen Sicherheitsrisiken geh\u00f6ren die Verschl\u00fcsselung und Pseudonymisierung von Daten, das F\u00fchren von Aufzeichnungen, Zugangskontrollen und die Speicherung von Datensicherungen. Organisatorische Sicherheitsma\u00dfnahmen umfassen die Anweisung an unsere Mitarbeiter, Schulungen und Audits. Dar\u00fcber hinaus verpflichten wir unsere Auftragsverarbeiter, geeignete technische und organisatorische Sicherheitsma\u00dfnahmen zu ergreifen.<\/p>\n\n<p><strong>10. Wie lange verarbeiten wir personenbezogene Daten?<\/strong><\/p>\n\n<p>Wir bewahren und speichern Ihre pers\u00f6nlichen Daten<\/p>\n\n<ul class=\"wp-block-list\">\n<li>so lange, wie es f\u00fcr die Verarbeitung und \u00e4hnliche Zwecke erforderlich ist, in der Regel f\u00fcr die Dauer der vertraglichen Verpflichtungen;<\/li>\n\n<li>solange wir einen triftigen Grund haben, sie aufzubewahren. Dazu kann geh\u00f6ren, dass wir sie aus rechtlichen Gr\u00fcnden, aus Gr\u00fcnden der Archivierung oder zum Schutz von IT-Systemen ben\u00f6tigen;<\/li>\n\n<li>solange dies gesetzlich vorgeschrieben ist. Einige Daten m\u00fcssen zum Beispiel zehn Jahre lang aufbewahrt werden. F\u00fcr verschiedene Arten von Daten, wie z. B. Video\u00fcberwachungsaufzeichnungen oder Online-Aktivit\u00e4tsprotokolle, gelten unterschiedliche Aufbewahrungsfristen.<\/li>\n<\/ul>\n\n<p>Gelegentlich bitten wir Sie um Ihr Einverst\u00e4ndnis, Ihre personenbezogenen Daten f\u00fcr einen l\u00e4ngeren Zeitraum aufzubewahren (z. B. f\u00fcr die Aufbewahrung von Bewerbungsunterlagen). Nach Ablauf der angegebenen Zeitr\u00e4ume werden wir Ihre personenbezogenen Daten l\u00f6schen oder anonymisieren.<\/p>\n\n<p><strong>11. Welche Rechte haben Sie in Bezug auf die Verarbeitung Ihrer personenbezogenen Daten?<\/strong><\/p>\n\n<p>Sie sind berechtigt, der Datenverarbeitung zu widersprechen, insbesondere wenn wir Ihre personenbezogenen Daten auf der Grundlage eines berechtigten Interesses verarbeiten und andere relevante Kriterien erf\u00fcllt sind. Sie haben auch die M\u00f6glichkeit, der Datenverarbeitung im Zusammenhang mit Direktwerbung, wie z. B. Werbe-E-Mails, jederzeit zu widersprechen. Dies schlie\u00dft den Widerspruch gegen ein Profiling ein, das mit Direktwerbung verbunden ist.<\/p>\n\n<p>Sofern Sie die entsprechenden Voraussetzungen erf\u00fcllen und es keine gesetzlichen Ausnahmen gibt, haben Sie au\u00dferdem die folgenden Anspr\u00fcche:<\/p>\n\n<ul class=\"wp-block-list\">\n<li>das Recht, sich \u00fcber die von uns gespeicherten personenbezogenen Daten zu erkundigen;<\/li>\n\n<li>das Recht, unrichtige oder unvollst\u00e4ndige personenbezogene Daten zu berichtigen;<\/li>\n\n<li>das Recht, die L\u00f6schung oder Anonymisierung Ihrer personenbezogenen Daten zu verlangen;<\/li>\n\n<li>das Recht, Einschr\u00e4nkungen der Verarbeitung Ihrer personenbezogenen Daten zu verlangen;<\/li>\n\n<li>das Recht, bestimmte personenbezogene Daten in einem strukturierten, allgemein gebr\u00e4uchlichen und maschinenlesbaren Format zu erhalten;<\/li>\n\n<li>das Recht, die Zustimmung zur k\u00fcnftigen Verarbeitung zu widerrufen, wenn die Verarbeitung auf einer Zustimmung beruht.<\/li>\n<\/ul>\n\n<p>Bitte beachten Sie, dass diese Rechte unter bestimmten Umst\u00e4nden eingeschr\u00e4nkt oder ausgeschlossen werden k\u00f6nnen, z. B. wenn Zweifel an Ihrer Identit\u00e4t bestehen oder wenn dies zum Schutz anderer Personen, zur Wahrung berechtigter Interessen oder zur Erf\u00fcllung rechtlicher Verpflichtungen erforderlich ist.<\/p>\n\n<p>Dar\u00fcber hinaus steht es Ihnen frei, sich bei einer zust\u00e4ndigen Aufsichtsbeh\u00f6rde zu beschweren, wenn Sie den Verdacht haben, dass der Umgang mit Ihren personenbezogenen Daten gegen die einschl\u00e4gigen Rechtsvorschriften verst\u00f6\u00dft.<\/p>\n\n<ul class=\"wp-block-list\">\n<li>Die zust\u00e4ndige Aufsichtsbeh\u00f6rde in der Schweiz ist der <a href=\"https:\/\/www.edoeb.admin.ch\/edoeb\/de\/home.html\" target=\"_blank\" rel=\"noreferrer noopener\">Eidgen\u00f6ssische Datenschutz- und \u00d6ffentlichkeitsbeauftragte (ED\u00d6B<\/a>).<\/li>\n\n<li>Die zust\u00e4ndige Aufsichtsbeh\u00f6rde im F\u00fcrstentum Liechtenstein ist die <a href=\"https:\/\/www.datenschutzstelle.li\/\">Datenschutzbeh\u00f6rde des F\u00fcrstentums Liechtenstein<\/a>.<\/li>\n\n<li>Die zust\u00e4ndige Aufsichtsbeh\u00f6rde in Deutschland ist der <a href=\"https:\/\/datenschutz-hamburg.de\/\">Hamburgische Beauftragte f\u00fcr Datenschutz und Informationsfreiheit, Klosterwall 6 (Block C), 20095 Hamburg, Deutschland<\/a><\/li>\n\n<li>Die zust\u00e4ndige Aufsichtsbeh\u00f6rde in \u00d6sterreich ist die <a href=\"https:\/\/www.dsb.gv.at\/\">\u00d6sterreichische Datenschutzbeh\u00f6rde, Barichgasse 40-42, 1030 Wien.<\/a><\/li>\n\n<li>Die zust\u00e4ndige Aufsichtsbeh\u00f6rde in Frankreich ist die <a href=\"https:\/\/www.cnil.fr\/\">Commission nationale de l&#8217;informatique et des libert\u00e9s, 3 Place de Fontenoy, TSA 80715, 75334 PARIS CEDEX 07<\/a><\/li>\n\n<li>Die zust\u00e4ndige Aufsichtsbeh\u00f6rde in Italien ist die <a href=\"https:\/\/www.garanteprivacy.it\/\">Garante per la protezione dei dati personali, mit Sitz in Piazza Venezia 11, IT-00187, Roma<\/a><\/li>\n<\/ul>\n\n<p>\u00a0<\/p>\n<p><strong>12. Wie k\u00f6nnen Sie uns kontaktieren?<\/strong><\/p>\n\n<p>Wenn Sie Fragen oder Bedenken zu diesem Datenschutzhinweis oder zur Verarbeitung Ihrer personenbezogenen Daten haben, wenden Sie sich bitte an das zust\u00e4ndige Unternehmen unter den auf seiner Website angegebenen Kontaktdaten.<\/p>\n\t\t\t\t\t\t\t\t<\/div>\n\t\t\t\t<\/div>\n\t\t\t\t\t<\/div>\n\t\t<\/div>\n\t\t\t\t\t<\/div>\n\t\t<\/section>\n\t\t\t\t<\/div>\n\t\t","protected":false},"excerpt":{"rendered":"<p>Benutzervereinbarung Regeln f\u00fcr die Verarbeitung und Sicherheit personenbezogener Daten in den Datenbanken des Verk\u00e4ufers Inhalts\u00fcbersicht \u00a0 1. Worum geht es in diesem Datenschutzhinweis? Der Schutz personenbezogener Daten beruht auf Vertrauen, und wir wissen Ihr Vertrauen sehr zu sch\u00e4tzen. In diesem Datenschutzhinweis erl\u00e4utern wir die Methoden und Gr\u00fcnde f\u00fcr die Erfassung, Verarbeitung und Nutzung Ihrer pers\u00f6nlichen [&hellip;]<\/p>\n","protected":false},"author":1,"featured_media":0,"parent":0,"menu_order":0,"comment_status":"closed","ping_status":"closed","template":"","meta":{"footnotes":""},"class_list":["post-1242","page","type-page","status-publish","hentry"],"aioseo_notices":[],"_links":{"self":[{"href":"https:\/\/bandidoswitzerland.ch\/de\/wp-json\/wp\/v2\/pages\/1242","targetHints":{"allow":["GET"]}}],"collection":[{"href":"https:\/\/bandidoswitzerland.ch\/de\/wp-json\/wp\/v2\/pages"}],"about":[{"href":"https:\/\/bandidoswitzerland.ch\/de\/wp-json\/wp\/v2\/types\/page"}],"author":[{"embeddable":true,"href":"https:\/\/bandidoswitzerland.ch\/de\/wp-json\/wp\/v2\/users\/1"}],"replies":[{"embeddable":true,"href":"https:\/\/bandidoswitzerland.ch\/de\/wp-json\/wp\/v2\/comments?post=1242"}],"version-history":[{"count":0,"href":"https:\/\/bandidoswitzerland.ch\/de\/wp-json\/wp\/v2\/pages\/1242\/revisions"}],"wp:attachment":[{"href":"https:\/\/bandidoswitzerland.ch\/de\/wp-json\/wp\/v2\/media?parent=1242"}],"curies":[{"name":"wp","href":"https:\/\/api.w.org\/{rel}","templated":true}]}}